{"id":155,"date":"2016-04-27T20:37:47","date_gmt":"2016-04-27T20:37:47","guid":{"rendered":"http:\/\/monarch.huasambo.com\/?page_id=155"},"modified":"2023-10-04T20:52:46","modified_gmt":"2023-10-04T20:52:46","slug":"life-cycle","status":"publish","type":"page","link":"https:\/\/mission-monarch.org\/wordpress\/es\/monarchs-biology\/life-cycle\/","title":{"rendered":"Life cycle"},"content":{"rendered":"<p><\/p>\n<p style=\"color: #c03000;\"><em>Lo sentimos. Est\u00e1 pagina no est\u00e1 disponible en espa\u00f1ol.<\/em><\/p>\n<div class=\"row\">\n<div class=\"col-xs-12 col-sm-4\"><img loading=\"lazy\" class=\"img-fluid col-xs-12\" src=\"\/wp-content\/uploads\/2016\/05\/41676-1ASARRAZIN_Fotor2_Fotor-300x180.jpg\" alt=\"41676-1ASARRAZIN_Fotor2_Fotor\" width=\"300\" height=\"180\" \/><\/div>\n<div class=\"col-xs-12 col-sm-7\">\n<h3>Egg<\/h3>\n<p>The egg is the first stage in a monarch\u2019s life \u2013 where its life gets started.<\/p>\n<p>In the wild, a female monarch can lay 300 to 400 eggs in the space of a few weeks. Females usually lay one egg per milkweed plant, gluing it to the underside of a leaf to protect it from nasty weather. Don\u2019t be surprised, though, if you find several eggs on the same plant or even on the same leaf.<\/p>\n<p>Monarch eggs are 0.9 to 1.2 mm long. They are creamy yellow and covered in narrow longitudinal ridges. They hatch 3 to 8 days after being laid.<\/p>\n<\/div>\n<div class=\"clearfix\"><\/div>\n<div class=\"col-xs-12 col-sm-4\"><img loading=\"lazy\" class=\"img-fluid col-xs-12\" src=\"\/wp-content\/uploads\/2016\/05\/41567ASARRAZIN_Fotor-300x199.jpg\" alt=\"41567ASARRAZIN_Fotor\" width=\"300\" height=\"199\" \/><\/div>\n<div class=\"col-xs-12 col-sm-7\">\n<h3>Caterpillar (larva)<\/h3>\n<h5>Very showy<\/h5>\n<p>Just like an adult, a caterpillar\u2019s body is divided into three sections: the head, thorax and abdomen.<\/p>\n<p>It has tiny, almost invisible, antennae on its head. Although it has twelve ocelli (simple eyes capable of perceiving variations in daylight), it doesn\u2019t see very well.<\/p>\n<p>The caterpillar has black filaments near its head (2nd segment) and at the tip of its abdomen. While these are not antenna, they do have a sensory function.<\/p>\n<p>Like all insects, monarchs have three sets of legs attached to the thorax, but it\u2019s hard to see the first pair of legs on adults. On large caterpillars, you\u2019ll notice that the first pair of legs is smaller and closer to the head than the other two pairs.<\/p>\n<p>There are \u201cfalse legs\u201d under the caterpillar\u2019s abdomen. These are actually like hooked suction cups that help the caterpillar move about and cling to a leaf when feeding.<\/p>\n<\/div>\n<div class=\"col-xs-12 col-sm-4\"><img loading=\"lazy\" class=\"img-fluid col-xs-12\" src=\"\/wp-content\/uploads\/2016\/05\/41667-1ASARRAZIN_Fotor_Fotor-300x194.jpg\" alt=\"41667-1ASARRAZIN_Fotor_Fotor\" width=\"300\" height=\"194\" \/><\/div>\n<div class=\"col-xs-12 col-sm-7\">\n<h5>An all-you-can-eat buffet<\/h5>\n<p>A caterpillar spends most of its time eating! Its first meal, immediately after it hatches, is its egg case, which provides it with vital nutrients. Then it starts on milkweed.<\/p>\n<p>Monarch caterpillars feed exclusively on milkweed \u2013 making them specialists. They are one of the few species able to tolerate milkweed\u2019s poisonous sap and even to accumulate the cardenolides that make them poisonous in turn.<\/p>\n<\/div>\n<div class=\"clearfix\"><\/div>\n<div class=\"col-xs-12 col-sm-4 my-3\"><img loading=\"lazy\" class=\"img-fluid col-xs-12\" src=\"\/wp-content\/uploads\/2016\/05\/41696ASARRAZIN_Fotor_Fotor-199x300.jpg\" alt=\"41696ASARRAZIN_Fotor_Fotor\" width=\"300\" height=\"auto\" \/><\/div>\n<div class=\"col-xs-12 col-sm-7\">\n<h5>Moulting in order to grow<\/h5>\n<p>With all this eating, a caterpillar grows quickly. In 7 to 17 days, its weight increases 2,700 times! If humans grew that quickly, we\u2019d be as tall as the Statue of Liberty in just 2 weeks. To keep up with the growth, its body has to adapt. That means a caterpillar undergoes five successive moults, or instars (also called larval stages).<\/p>\n<p>Each of these moults gives it a slightly larger external skeleton, allowing it to continue growing. The caterpillar\u2019s size may change a lot during each instar, but some of its body parts stay the same. The head and the black filaments get larger only when it moults.<\/p>\n<p>Only 10% of all caterpillars reach the pupal stage. Although their toxic defences are effective against predators like birds and mammals, invertebrates are less affected. So lots of caterpillars do fall victim to predators or parasites.<\/p>\n<\/div>\n<div class=\"clearfix\"><\/div>\n<div class=\"col-xs-12 col-sm-4\"><img loading=\"lazy\" class=\"img-fluid col-xs-12\" src=\"\/wp-content\/uploads\/2016\/05\/41245ASARRAZIN_Fotor_Fotor-1-300x199.jpg\" alt=\"41245ASARRAZIN_Fotor_Fotor\" width=\"300\" height=\"199\" \/><\/div>\n<div class=\"col-xs-12 col-sm-7\">\n<h3>Pupa (chrysalis)<\/h3>\n<p>All butterflies pupate: this is the third stage in their life cycle.<\/p>\n<h5>At last!<\/h5>\n<p>A caterpillar usually leaves the milkweed plant during the fifth instar to go in search of a well-camouflaged spot high off the ground, where it can pupate. Once there, it weaves a tiny silk pad as an anchor. It then inserts the hooks at the tip of its abdomen into the anchor and assumes a J shape. It stays in this position for 12 to 48 hours before extracting itself from its caterpillar skeleton \u2013 it is now a pupa.<\/p>\n<h5>Effective camouflage<\/h5>\n<p>In the pupal stage, monarchs are amazing camouflage artists! Since they can\u2019t move for several days \u2013 making it difficult for them to defend themselves, other than with their toxicity \u2013 they need an effective disguise.<\/p>\n<p>Its turquoise-green colouring, gold spots that reflect light and small size (3 cm) make a pupa very difficult to spot in the wild. It gradually changes from jade green to bluish, until the adult colours show through the transparent case. After 8 to 15 days, the adult butterfly finally emerges from the pupa case.<\/p>\n<\/div>\n<div class=\"clearfix\"><\/div>\n<div class=\"col-xs-12 col-sm-4\"><img loading=\"lazy\" class=\"img-fluid col-xs-12\" src=\"\/wp-content\/uploads\/2016\/05\/danaus_plexippusf-andre_sarrazin_Fotor.jpg\" alt=\"Photo: Andr\u00e9 Sarrazin\" width=\"300\" height=\"199\" \/><\/div>\n<div class=\"col-xs-12 col-sm-7\">\n<h3>Adult<\/h3>\n<p>It is called emergence when the adult butterfly comes out of its pupa case. A few hours before it emerges, the pigments appear and the adult butterfly can be seen through the walls of the transparent case, ready to break free.<\/p>\n<p>Finally, the pupa splits open to let the adult butterfly wriggle free. Clinging onto its pupa case, it then \u201cpumps\u201d hemolymph (insect \u201cblood\u201d) through the vessels in its still-wet wings. Its abdomen shrinks as it empties of the hemolymph and the metabolic waste that accumulated during the previous stages.<\/p>\n<p>Within about 4 or 5 hours, the wings will have unfolded and stiffened and the butterfly can take flight. First stop: a nectar-bearing flower so that it can stock up on energy. Adult monarchs are generalists: they can feed on different flower species, provided that they have lots of nectar to offer.<\/p>\n<\/div>\n<div class=\"clearfix\"><\/div>\n<div class=\"col-xs-12 col-sm-4\"><img loading=\"lazy\" class=\"img-fluid col-xs-12\" src=\"\/wp-content\/uploads\/2016\/05\/40578ASARRAZIN_Fotor.jpg\" alt=\"Photo: Andr\u00e9 Sarrazin\" width=\"300\" height=\"199\" \/><\/div>\n<div class=\"col-xs-12 col-sm-7\">\n<h5>Reproduction at any cost!<\/h5>\n<p>After it has feasted, the butterfly can concentrate on its main job as an adult: reproduction. So both males and females start seeking a partner.<\/p>\n<p>Once fertilized, the female heads off in search of milkweed plants to lay her eggs. She lays hundreds of them in just a few weeks.<\/p>\n<\/div>\n<div class=\"clearfix\"><\/div>\n<div class=\"col-xs-12 col-sm-4 mt-3\"><img loading=\"lazy\" class=\"img-fluid col-xs-12\" src=\"\/wp-content\/uploads\/2016\/05\/2016-02-25-Piedra-Herrada-Mexico-DSC_2234_Fotor.jpg\" alt=\"Photo: Sonya Charest\" width=\"300\" height=\"auto\" \/><\/div>\n<div class=\"col-xs-12 col-sm-7\">\n<h5>A very special generation<\/h5>\n<p>The butterflies that emerge in late August and into September don\u2019t launch immediately into reproduction, however. They are a very special generation of monarchs: the migratory generation. To preserve as much energy as possible for their coming odyssey, their reproductive organs don\u2019t fully develop.<\/p>\n<p>This generation heads off on an amazing journey that takes them all the way to the mountains in central Mexico where they overwinter. Only with the increase in daylight the next spring will their reproductive organs finish developing.<\/p>\n<p>While adult monarchs usually live for three to five weeks, the adults in the migratory generation survive for up to eight months.<\/p>\n<\/div>\n<\/div>\n<p><\/p>","protected":false},"excerpt":{"rendered":"<p>Lo sentimos. Est\u00e1 pagina no est\u00e1 disponible en espa\u00f1ol. Egg The egg is the first stage in a monarch\u2019s life \u2013 where its life gets started. In the wild, a female monarch can lay 300 to 400 eggs in the space of a few weeks. Females usually lay one egg per milkweed plant, gluing it&hellip; <a class=\"more-link\" href=\"https:\/\/mission-monarch.org\/wordpress\/es\/monarchs-biology\/life-cycle\/\">Continue reading <span class=\"screen-reader-text\">Life cycle<\/span><\/a><\/p>\n","protected":false},"author":1,"featured_media":0,"parent":45,"menu_order":0,"comment_status":"closed","ping_status":"closed","template":"","meta":[],"_links":{"self":[{"href":"https:\/\/mission-monarch.org\/wordpress\/es\/wp-json\/wp\/v2\/pages\/155"}],"collection":[{"href":"https:\/\/mission-monarch.org\/wordpress\/es\/wp-json\/wp\/v2\/pages"}],"about":[{"href":"https:\/\/mission-monarch.org\/wordpress\/es\/wp-json\/wp\/v2\/types\/page"}],"author":[{"embeddable":true,"href":"https:\/\/mission-monarch.org\/wordpress\/es\/wp-json\/wp\/v2\/users\/1"}],"replies":[{"embeddable":true,"href":"https:\/\/mission-monarch.org\/wordpress\/es\/wp-json\/wp\/v2\/comments?post=155"}],"version-history":[{"count":158,"href":"https:\/\/mission-monarch.org\/wordpress\/es\/wp-json\/wp\/v2\/pages\/155\/revisions"}],"predecessor-version":[{"id":4826,"href":"https:\/\/mission-monarch.org\/wordpress\/es\/wp-json\/wp\/v2\/pages\/155\/revisions\/4826"}],"up":[{"embeddable":true,"href":"https:\/\/mission-monarch.org\/wordpress\/es\/wp-json\/wp\/v2\/pages\/45"}],"wp:attachment":[{"href":"https:\/\/mission-monarch.org\/wordpress\/es\/wp-json\/wp\/v2\/media?parent=155"}],"curies":[{"name":"wp","href":"https:\/\/api.w.org\/{rel}","templated":true}]}}