{"id":2219,"date":"2016-07-25T20:06:05","date_gmt":"2016-07-25T20:06:05","guid":{"rendered":"http:\/\/mm20-dev.mission-monarch.org\/?page_id=2219"},"modified":"2024-07-25T14:32:40","modified_gmt":"2024-07-25T14:32:40","slug":"mission-monarch-blitz","status":"publish","type":"page","link":"https:\/\/mission-monarch.org\/wordpress\/es\/mission-monarch-blitz\/","title":{"rendered":"Blitz Monarca Internacional"},"content":{"rendered":"<p><\/p>\n<div class=\"row\">\n<div class=\"col-xs-12 col-sm-8\">\n<h3>Un esfuerzo por la monarca: 26 de Julio hasta el 4 de Agosto<\/h3>\n<p style=\"text-align: justify;\">El Blitz Monarca Internacional es un acontecimiento anual dedicado a la investigaci\u00f3n para proteger a la mariposa. Se convoca a los amantes de la monarca, de toda Am\u00e9rica del Norte, a unir esfuerzos durante estas jornadas. \u00bfEl objetivo? Tomar una instant\u00e1nea del estado que guardan los sitios de reproducci\u00f3n del lepid\u00f3ptero.<\/p>\n<p>&nbsp;<\/p>\n<h3>\u00bfC\u00f3mo participar?<\/h3>\n<p>\u00a1Es muy f\u00e1cil! Basta con realizar una tarea o m\u00e1s durante el Blitz, o sea entre el 26 de Julio y el 4 de Agosto de 2024.<\/p>\n<p>\u00bfDeseas hacer m\u00e1s? Organiza tu salida al campo e invita a la gente de tu zona, barrio u organizaci\u00f3n a que te acompa\u00f1e. Puedes anunciar tus invitaciones en el sitio web de <em>Misi\u00f3n Monarca<\/em>.<\/p>\n<p>Aqu\u00ed est\u00e1 el <a href=\"https:\/\/can01.safelinks.protection.outlook.com\/?url=http%3A%2F%2Fwww.cec.org%2Fes%2Fnewsletter%2Fmonitoreo-blitz-monarca-2024%2F&amp;data=05%7C02%7Cjulia.meyer.ext%40montreal.ca%7C851217dced9449754db808dc8a5227a4%7C9f15d2dc87534f83aac2a58288d3a4bc%7C0%7C0%7C638537332662533841%7CUnknown%7CTWFpbGZsb3d8eyJWIjoiMC4wLjAwMDAiLCJQIjoiV2luMzIiLCJBTiI6Ik1haWwiLCJXVCI6Mn0%3D%7C0%7C%7C%7C&amp;sdata=lTpstMj4d0w6SjfIIf6aOslaDGjhzxoFsHQZSfF8L%2FA%3D&amp;reserved=0\">Bolet\u00edn Informativo Blitz 2024<\/a><\/p>\n<p><a href=\"http:\/\/www.namonarchs.org\/es\/operacion-relampago-mision-monarca\/\" target=\"_blank\" rel=\"noopener\">Herramientas para la conservaci\u00f3n de la mariposa monarca<\/a><\/p>\n<\/div>\n<div class=\"col-xs-12 col-sm-4\">\n<p><img class=\"size-medium wp-image-940 alignright\" style=\"width: 100%;\" src=\"http:\/\/www.mission-monarch.org\/wordpress\/wp-content\/uploads\/2023\/06\/4-Agathe_Moreau-5-scaled.jpg\" alt=\"Blitz 2023\" \/><\/p>\n<\/div>\n<div class=\"col-xs-12\">\n<hr \/>\n<\/div>\n<\/div>\n<p><\/p>","protected":false},"excerpt":{"rendered":"<p>Un esfuerzo por la monarca: 26 de Julio hasta el 4 de Agosto El Blitz Monarca Internacional es un acontecimiento anual dedicado a la investigaci\u00f3n para proteger a la mariposa. Se convoca a los amantes de la monarca, de toda Am\u00e9rica del Norte, a unir esfuerzos durante estas jornadas. \u00bfEl objetivo? Tomar una instant\u00e1nea del&hellip; <a class=\"more-link\" href=\"https:\/\/mission-monarch.org\/wordpress\/es\/mission-monarch-blitz\/\">Continue reading <span class=\"screen-reader-text\">Blitz Monarca Internacional<\/span><\/a><\/p>\n","protected":false},"author":3,"featured_media":0,"parent":0,"menu_order":0,"comment_status":"closed","ping_status":"closed","template":"","meta":[],"_links":{"self":[{"href":"https:\/\/mission-monarch.org\/wordpress\/es\/wp-json\/wp\/v2\/pages\/2219"}],"collection":[{"href":"https:\/\/mission-monarch.org\/wordpress\/es\/wp-json\/wp\/v2\/pages"}],"about":[{"href":"https:\/\/mission-monarch.org\/wordpress\/es\/wp-json\/wp\/v2\/types\/page"}],"author":[{"embeddable":true,"href":"https:\/\/mission-monarch.org\/wordpress\/es\/wp-json\/wp\/v2\/users\/3"}],"replies":[{"embeddable":true,"href":"https:\/\/mission-monarch.org\/wordpress\/es\/wp-json\/wp\/v2\/comments?post=2219"}],"version-history":[{"count":230,"href":"https:\/\/mission-monarch.org\/wordpress\/es\/wp-json\/wp\/v2\/pages\/2219\/revisions"}],"predecessor-version":[{"id":4972,"href":"https:\/\/mission-monarch.org\/wordpress\/es\/wp-json\/wp\/v2\/pages\/2219\/revisions\/4972"}],"wp:attachment":[{"href":"https:\/\/mission-monarch.org\/wordpress\/es\/wp-json\/wp\/v2\/media?parent=2219"}],"curies":[{"name":"wp","href":"https:\/\/api.w.org\/{rel}","templated":true}]}}