{"id":25,"date":"2016-03-16T05:01:07","date_gmt":"2016-03-16T05:01:07","guid":{"rendered":"http:\/\/monarch.huasambo.com\/?page_id=25"},"modified":"2023-04-14T20:52:04","modified_gmt":"2023-04-14T20:52:04","slug":"milkweed-identification","status":"publish","type":"page","link":"https:\/\/mission-monarch.org\/wordpress\/es\/steps\/get-ready\/milkweed-identification\/","title":{"rendered":"Reconocer las asclepias (algodoncillo)"},"content":{"rendered":"<p>&nbsp;<\/p>\n<div class=\"col-sm-4 hidden-xs\"><img style=\"width: 100%; float: left; padding-right: 15px;\" title=\"Mission Monarque\" src=\"\/wp-content\/uploads\/2017\/04\/SC92_SONYA_CHAREST_-802-520x390.jpg\" alt=\"Misi\u00f3n Monarca\" \/><\/div>\n<div class=\"col-xs-12 col-sm-8 d-inline-block\">\n<h2 class=\"text-xs-center text-sm-left\"><strong>Quien dice monarca, dice asclepia<\/strong><\/h2>\n<p style=\"font-size: 1.1em;\">La asclepia (com\u00fanmente conocida como \u201calgodoncillo\u201d) es una planta indispensable para el ciclo de vida de la monarca, ya que es la \u00fanica fuente de alimento para las orugas. La supervivencia de la mariposa depende de la disponibilidad de esta planta hospedera. Por lo tanto, una parte importante de <em>Misi\u00f3n Monarca<\/em> consiste en identificar y mapear las asclepias de Canad\u00e1.<\/p>\n<p>En nueve de las diez provincias canadienses podemos encontrar alrededor de una docena de especies de asclepia. Consulta las fichas de identificaci\u00f3n a continuaci\u00f3n para reconocer las distintas plantas de algodoncillo presentes en tu regi\u00f3n.<\/p>\n<\/div>\n<div class=\"clearfix\" style=\"padding-bottom: 40px;\"><\/div>\n<div class=\"row\">\n<div class=\"col-xs-12 col-sm-4 text-xs-left text-sm-left\" style=\"padding-left: 40px;\">\n<hr \/>\n<p><strong>CRITERIOS<\/strong><\/p>\n<hr \/>\n<table border=\"0\" width=\"100%\" cellspacing=\"0\" cellpadding=\"0\">\n<tbody>\n<tr>\n<td width=\"33%\"><label style=\"font-weight: normal;\">Provincia<\/label><\/td>\n<td><select id=\"provinceName\" style=\"width: 100%;\"><option value=\"1\"><\/option><option value=\"ab\">Alberta<\/option><option value=\"bc\">Colombia brit\u00e1nica<\/option><option value=\"mb\">Manitoba<\/option><option value=\"nb\">Nuevo Brunswick<\/option><option value=\"ns\">Nueva Escocia<\/option><option value=\"on\">Ontario<\/option><option value=\"pe\">Isla del Pr\u00edncipe Eduardo<\/option><option value=\"qc\">Quebec<\/option><option value=\"sk\">Saskatchewan<\/option><option value=\"nl\">Terranova<\/option><\/select><\/td>\n<\/tr>\n<tr>\n<td><label style=\"font-weight: normal;\">Color de la flor<\/label><\/td>\n<td><select id=\"flowercolorName\" style=\"width: 100%;\"><option value=\"1\"><\/option><option value=\"pink\">Rosado<\/option><option value=\"red\">Rojo<\/option><option value=\"orange\">Naranja<\/option><option value=\"white\">Blanco<\/option><option value=\"green\">Verde<\/option><option value=\"violet\">Violeta<\/option><option value=\"yellow\">Amarillo<\/option><\/select><\/td>\n<\/tr>\n<tr>\n<td><label style=\"font-weight: normal;\">Hojas<\/label><\/td>\n<td><select id=\"leavesName\" style=\"width: 100%;\"><option value=\"1\"><\/option><option value=\"opposite\">Frente a<\/option><option value=\"alternate\">Opuestas<\/option><option value=\"narrow\">Estrechas<\/option><option value=\"broad\">Grandes<\/option><\/select><\/td>\n<\/tr>\n<tr>\n<td><label style=\"font-weight: normal;\">H\u00e1bitat<\/label><\/td>\n<td><select id=\"habitatName\" style=\"width: 100%;\"><option value=\"1\"><\/option><option value=\"dry_soils\">Suelo seco<\/option><option value=\"wetlands\">Humedales<\/option><\/select><\/td>\n<\/tr>\n<tr>\n<td><\/td>\n<td style=\"padding-top: 10px;\"><button id=\"resetButton\" class=\"btn btn-danger\">Reinicializar<\/button> <button id=\"searchButton\" class=\"btn btn-warning\" style=\"float: right;\">Aplicar<\/button><\/td>\n<\/tr>\n<\/tbody>\n<\/table>\n<\/div>\n<div id=\"milkweedAccordion\" class=\"accordion col-xs-12 col-sm-8 text-xs-left text-sm-left\"><!-- For each Species name--><\/p>\n<div class=\"card\" style=\"margin-bottom: -1px; margin-top: 0px;\" data-province=\"mb,on,qc,nb,ns,pe\" data-flower=\"pink,red\" data-leaves=\"opposite,narrow\" data-habitat=\"wetlands\">\n<div id=\"heading1\" class=\"card-header\">\n<h4 class=\"mb-0\" style=\"display: inline-block; width: 100%;\"><a class=\"btn\" style=\"display: block; text-decoration: none; font-stretch: normal; font-weight: 100; text-align: left;\" data-toggle=\"collapse\" data-target=\"#collapse1\" aria-expanded=\"true\" aria-controls=\"collapse1\"><img style=\"float: left; width: 70px; border: 1px solid white;\" title=\"\" src=\"\/wp-content\/uploads\/2017\/05\/Incarnata2_Peganum.jpg\" alt=\"\" \/><br \/>\n<span style=\"font-size: 26px; font-weight: 500;\">Ascl\u00e9piade incarnate<\/span> \u00a0\u00a0<span style=\"font-size: 20px; font-weight: normal;\"><i>Asclepias incarnata<\/i><\/span><\/a><\/h4>\n<\/div>\n<div id=\"collapse1\" class=\"collapse\" aria-labelledby=\"heading1\" data-bs-parent=\"#milkweedAccordion\">\n<div class=\"card-body\">\n<p><strong>SPECIFICATIONS<\/strong><\/p>\n<div class=\"row\">\n<div class=\"col-md-12\">\n<div class=\"row\">\n<div class=\"col-md-3\"><a class=\"thumbnail\"><img style=\"max-width: 100%;\" src=\"\/wp-content\/uploads\/2017\/05\/Incarnata2_Peganum.jpg\" alt=\"Asclepias incarnata\" \/><\/a><\/div>\n<div class=\"col-md-3\"><a class=\"thumbnail\"><img style=\"max-width: 100%;\" src=\"\/wp-content\/uploads\/2017\/05\/Incarnata_Peganum.jpg\" alt=\"Asclepias incarnata\" \/><\/a><\/div>\n<div class=\"col-md-3\"><a class=\"thumbnail\"><img style=\"max-width: 100%;\" src=\"\/wp-content\/uploads\/2017\/05\/Incarnata2_PatrickAlexander.jpg\" alt=\"Asclepias incarnata\" \/><\/a><\/div>\n<div class=\"col-md-3\"><a class=\"thumbnail\"><img style=\"max-width: 100%;\" src=\"\/wp-content\/uploads\/2017\/05\/Incarnata_BrettWhaley.jpg\" alt=\"Asclepias incarnata\" \/><\/a><\/div>\n<\/div>\n<\/div>\n<\/div>\n<\/div>\n<\/div>\n<\/div>\n<div class=\"card\" style=\"margin-bottom: -1px; margin-top: 0px;\" data-province=\"bc,ab,sk,mb,on\" data-flower=\"orange,white,green,violet,yellow\" data-leaves=\"opposite,broad\" data-habitat=\"dry_soils\">\n<div id=\"heading2\" class=\"card-header\">\n<h4 class=\"mb-0\" style=\"display: inline-block; width: 100%;\"><a class=\"btn collapsed\" style=\"display: block; text-decoration: none; font-stretch: normal; font-weight: 100; text-align: left;\" data-toggle=\"collapse\" data-target=\"#collapse2\" aria-expanded=\"false\" aria-controls=\"collapse2\"><img style=\"float: left; width: 70px; border: 1px solid white;\" title=\"\" src=\"\/wp-content\/uploads\/2017\/05\/Ovalifolia_CAJCInTheRockies.jpg\" alt=\"\" \/><br \/>\n<span style=\"font-size: 26px; font-weight: 500;\">Ascl\u00e9piade \u00e0 feuilles ovales<\/span> \u00a0\u00a0 <span style=\"font-size: 20px; font-weight: normal;\"><i>Asclepias ovalifolia<\/i><\/span><\/a><\/h4>\n<\/div>\n<div id=\"collapse2\" class=\"collapse\" aria-labelledby=\"heading2\" data-bs-parent=\"#milkweedAccordion\">\n<div class=\"card-body\">\n<p><strong>SPECIFICATIONS<\/strong><\/p>\n<div class=\"row\">\n<div class=\"col-md-12\">\n<div class=\"row\">\n<div class=\"col-md-3\"><a class=\"thumbnail\"><img style=\"max-width: 100%;\" src=\"\/wp-content\/uploads\/2017\/05\/Ovalifolia_BrettWhaley.jpg\" alt=\"Ovalifolia_BrettWhaley\" \/><\/a><\/div>\n<div class=\"col-md-3\"><a class=\"thumbnail\"><img style=\"max-width: 100%;\" src=\"\/wp-content\/uploads\/2017\/05\/Ovalifolia_CAJCInTheRockies.jpg\" alt=\"Ovalifolia_CAJCInTheRockies\" \/><\/a><\/div>\n<\/div>\n<\/div>\n<\/div>\n<\/div>\n<\/div>\n<\/div>\n<div class=\"card\" style=\"margin-bottom: -1px; margin-top: 0px;\" data-province=\"bc,ab,sk,mb\" data-flower=\"pink,white\" data-leaves=\"opposite,broad\" data-habitat=\"dry_soils\">\n<div id=\"heading3\" class=\"card-header\">\n<h4 class=\"mb-0\" style=\"display: inline-block; width: 100%;\"><a class=\"btn collapsed\" style=\"display: block; text-decoration: none; font-stretch: normal; font-weight: 100; text-align: left;\" data-toggle=\"collapse\" data-target=\"#collapse3\" aria-expanded=\"false\" aria-controls=\"collapse3\"><img style=\"float: left; width: 70px; border: 1px solid white;\" title=\"\" src=\"\/wp-content\/uploads\/2017\/05\/Aspeciosa2_PatrickAlexander.jpg\" alt=\"\" \/><br \/>\n<span style=\"font-size: 26px; font-weight: 500;\">Ascl\u00e9piade belle<\/span> \u00a0\u00a0 <span style=\"font-size: 20px; font-weight: normal;\"><i>Asclepias speciosa<\/i><\/span><\/a><\/h4>\n<\/div>\n<div id=\"collapse3\" class=\"collapse\" aria-labelledby=\"heading3\" data-bs-parent=\"#milkweedAccordion\">\n<div class=\"card-body\">\n<p><strong>SPECIFICATIONS<\/strong><\/p>\n<div class=\"row\">\n<div class=\"col-md-12\">\n<div class=\"row\">\n<div class=\"col-md-3\"><a class=\"thumbnail\"><img style=\"max-width: 100%;\" src=\"\/wp-content\/uploads\/2017\/05\/Aspeciosa_PatrickAlexander.jpg\" alt=\"speciosa_PatrickAlexander\" \/><\/a><\/div>\n<div class=\"col-md-3\"><a class=\"thumbnail\"><img style=\"max-width: 100%;\" src=\"\/wp-content\/uploads\/2017\/05\/Aspeciosa2_PatrickAlexander.jpg\" alt=\"speciosa_PatrickAlexander\" \/><\/a><\/div>\n<div class=\"col-md-3\"><a class=\"thumbnail\"><img style=\"max-width: 100%;\" src=\"\/wp-content\/uploads\/2017\/05\/Aspeciosa_AndreyZarkikh.jpg\" alt=\"speciosa_AndreyZarkikh\" \/><\/a><\/div>\n<div class=\"col-md-3\"><a class=\"thumbnail\"><img style=\"max-width: 100%;\" src=\"\/wp-content\/uploads\/2017\/05\/Aspeciosa_EmilyJmat.jpg\" alt=\"Aspeciosa_EmilyJmat\" \/><\/a><\/div>\n<\/div>\n<\/div>\n<\/div>\n<\/div>\n<\/div>\n<\/div>\n<div class=\"card\" style=\"margin-bottom: -1px; margin-top: 0px;\" data-province=\"sk,mb,on,qc,nb,ns,pe,nl\" data-flower=\"pink,violet\" data-leaves=\"opposite,broad\" data-habitat=\"dry_soils\">\n<div id=\"heading4\" class=\"card-header\">\n<h4 class=\"mb-0\" style=\"display: inline-block; width: 100%;\"><a class=\"btn collapsed\" style=\"display: block; text-decoration: none; font-stretch: normal; font-weight: 100; text-align: left;\" data-toggle=\"collapse\" data-target=\"#collapse4\" aria-expanded=\"false\" aria-controls=\"collapse4\"><img style=\"float: left; width: 70px; border: 1px solid white;\" title=\"\" src=\"\/wp-content\/uploads\/2017\/05\/Asyriaca_DaphneLaurierMontpetit.jpg\" alt=\"\" \/><br \/>\n<span style=\"font-size: 26px; font-weight: 500;\">Ascl\u00e9piade commune<\/span> \u00a0\u00a0 <span style=\"font-size: 20px; font-weight: normal;\"><i>Asclepias syriaca<\/i><\/span><\/a><\/h4>\n<\/div>\n<div id=\"collapse4\" class=\"collapse\" aria-labelledby=\"heading4\" data-bs-parent=\"#milkweedAccordion\">\n<div class=\"card-body\">\n<p><strong>SPECIFICATIONS<\/strong><\/p>\n<div class=\"row\">\n<div class=\"col-md-12\">\n<div class=\"row\">\n<div class=\"col-md-3\"><a class=\"thumbnail\"><img style=\"max-width: 100%;\" src=\"\/wp-content\/uploads\/2017\/05\/Asyriaca_DaphneLaurierMontpetit.jpg\" alt=\"syriaca_DaphneLaurierMontpetit\" \/><\/a><\/div>\n<div class=\"col-md-3\"><a class=\"thumbnail\"><img style=\"max-width: 100%;\" src=\"\/wp-content\/uploads\/2017\/05\/Asyriaca_SonyaCharest3.jpg\" alt=\"syriaca_SonyaCharest\" \/><\/a><\/div>\n<div class=\"col-md-3\"><a class=\"thumbnail\"><img style=\"max-width: 100%;\" src=\"\/wp-content\/uploads\/2017\/05\/Asyriaca_SonyaCharest.jpg\" alt=\"syriaca_SonyaCharest\" \/><\/a><\/div>\n<div class=\"col-md-3\"><a class=\"thumbnail\"><img style=\"max-width: 100%;\" src=\"\/wp-content\/uploads\/2017\/05\/Asyriaca2_SonyaCharest.jpg\" alt=\"syriaca_SonyaCharest\" \/><\/a><\/div>\n<div class=\"col-md-3\"><a class=\"thumbnail\"><img style=\"max-width: 100%;\" src=\"\/wp-content\/uploads\/2017\/05\/Asyriaca4_SonyaCharest.jpg\" alt=\"syriaca_SonyaCharest\" \/><\/a><\/div>\n<\/div>\n<\/div>\n<\/div>\n<\/div>\n<\/div>\n<\/div>\n<div class=\"card\" style=\"margin-bottom: -1px; margin-top: 0px;\" data-province=\"on,qc\" data-flower=\"orange,yellow\" data-leaves=\"alternate,narrow\" data-habitat=\"dry_soils\">\n<div id=\"heading5\" class=\"card-header\">\n<h4 class=\"mb-0\" style=\"display: inline-block; width: 100%;\"><a class=\"btn collapsed\" style=\"display: block; text-decoration: none; font-stretch: normal; font-weight: 100; text-align: left;\" data-toggle=\"collapse\" data-target=\"#collapse5\" aria-expanded=\"false\" aria-controls=\"collapse5\"><img style=\"float: left; width: 70px; border: 1px solid white;\" title=\"\" src=\"\/wp-content\/uploads\/2017\/05\/Atuberosa_JoshuaMayer.jpg\" alt=\"\" \/><br \/>\n<span style=\"font-size: 26px; font-weight: 500;\">Ascl\u00e9piade tub\u00e9reuse<\/span> \u00a0\u00a0 <span style=\"font-size: 20px; font-weight: normal;\"><i>Asclepias tuberosa<\/i><\/span><\/a><\/h4>\n<\/div>\n<div id=\"collapse5\" class=\"collapse\" aria-labelledby=\"heading5\" data-bs-parent=\"#milkweedAccordion\">\n<div class=\"card-body\">\n<p><strong>SPECIFICATIONS<\/strong><\/p>\n<div class=\"row\">\n<div class=\"col-md-12\">\n<div class=\"row\">\n<div class=\"col-md-3\"><a class=\"thumbnail\"><img style=\"max-width: 100%;\" src=\"\/wp-content\/uploads\/2017\/05\/Atuberosa_JoshuaMayer.jpg\" alt=\"Tuberosa_JoshuaMayerage\" \/><\/a><\/div>\n<div class=\"col-md-3\"><a class=\"thumbnail\"><img style=\"max-width: 100%;\" src=\"\/wp-content\/uploads\/2017\/05\/Atuberosa_MartinLaBar.jpg\" alt=\"Tuberosa_MartinLaBar\" \/><\/a><\/div>\n<div class=\"col-md-3\"><a class=\"thumbnail\"><img style=\"max-width: 100%;\" src=\"\/wp-content\/uploads\/2017\/05\/Atuberosa_BrettWhaley.jpg\" alt=\"Tuberosa_BrettWhaley\" \/><\/a><\/div>\n<div class=\"col-md-3\"><a class=\"thumbnail\"><img style=\"max-width: 100%;\" src=\"\/wp-content\/uploads\/2017\/05\/Atuberosa_FrankMayField.jpg\" alt=\"Atuberosa_FrankMayField\" \/><\/a><\/div>\n<\/div>\n<\/div>\n<\/div>\n<\/div>\n<\/div>\n<\/div>\n<div class=\"card\" style=\"margin-bottom: -1px; margin-top: 0px;\" data-province=\"sk,mb,on\" data-flower=\"white,green\" data-leaves=\"narrow,opposite\" data-habitat=\"dry_soils\">\n<div id=\"heading6\" class=\"card-header\">\n<h4 class=\"mb-0\" style=\"display: inline-block; width: 100%;\"><a class=\"btn collapsed\" style=\"display: block; text-decoration: none; font-stretch: normal; font-weight: 100; text-align: left;\" data-toggle=\"collapse\" data-target=\"#collapse6\" aria-expanded=\"false\" aria-controls=\"collapse6\"><img style=\"float: left; width: 70px; border: 1px solid white;\" title=\"\" src=\"\/wp-content\/uploads\/2017\/05\/Averticillata_JohnBrandauer.jpg\" alt=\"\" \/><br \/>\n<span style=\"font-size: 26px; font-weight: 500;\">Ascl\u00e9piade verticill\u00e9e<\/span> \u00a0\u00a0 <span style=\"font-size: 20px; font-weight: normal;\"><i>Asclepias verticillata<\/i><\/span><\/a><\/h4>\n<\/div>\n<div id=\"collapse6\" class=\"collapse\" aria-labelledby=\"heading6\" data-bs-parent=\"#milkweedAccordion\">\n<div class=\"card-body\">\n<p><strong>SPECIFICATIONS<\/strong><\/p>\n<div class=\"row\">\n<div class=\"col-md-12\">\n<div class=\"row\">\n<div class=\"col-md-3\"><a class=\"thumbnail\"><img style=\"max-width: 100%;\" src=\"\/wp-content\/uploads\/2017\/05\/Averticillata_JohnBrandauer.jpg\" alt=\"Verticillata_JohnBrandauer\" \/><\/a><\/div>\n<div class=\"col-md-3\"><a class=\"thumbnail\"><img style=\"max-width: 100%;\" src=\"\/wp-content\/uploads\/2017\/05\/Averticillata_BrettWhaley.jpg\" alt=\"Verticillata_BrettWhaley\" \/><\/a><\/div>\n<div class=\"col-md-3\"><a class=\"thumbnail\"><img style=\"max-width: 100%;\" src=\"\/wp-content\/uploads\/2017\/05\/Averticillata2_FrankMayfield.jpg\" alt=\"Verticillata2_FrankMayfield\" \/><\/a><\/div>\n<div class=\"col-md-3\"><a class=\"thumbnail\"><img style=\"max-width: 100%;\" src=\"\/wp-content\/uploads\/2017\/05\/Averticillata2_JohnBrandauer.jpg\" alt=\"Verticillata2_JohnBrandauer\" \/><\/a><\/div>\n<\/div>\n<\/div>\n<\/div>\n<\/div>\n<\/div>\n<\/div>\n<div class=\"card\" style=\"padding-bottom: -40px; margin-top: 0px;\" data-province=\"bc,ab,sk,mb,on\" data-flower=\"pink,orange,violet,green\" data-leaves=\"opposite,broad,narrow\" data-habitat=\"dry_soils\">\n<div id=\"heading7\" class=\"card-header\">\n<h4 class=\"mb-0\" style=\"display: inline-block; width: 100%;\"><a class=\"btn collapsed\" style=\"display: block; text-decoration: none; font-stretch: normal; font-weight: 100; text-align: left;\" data-toggle=\"collapse\" data-target=\"#collapse7\" aria-expanded=\"false\" aria-controls=\"collapse7\"><img style=\"float: left; width: 70px; border: 1px solid white;\" title=\"\" src=\"\/wp-content\/uploads\/2017\/05\/Viridiflora_Eleanor.jpg\" alt=\"\" \/><br \/>\n<span style=\"font-size: 26px; font-weight: 500;\">Ascl\u00e9piade \u00e0 fleurs vertes<\/span> \u00a0\u00a0 <span style=\"font-size: 20px; font-weight: normal;\"><i>Asclepias viridiflora<\/i><\/span><\/a><\/h4>\n<\/div>\n<div id=\"collapse7\" class=\"collapse\" aria-labelledby=\"heading7\" data-bs-parent=\"#milkweedAccordion\">\n<div class=\"card-body\">\n<p><strong>SPECIFICATIONS<\/strong><\/p>\n<div class=\"row\">\n<div class=\"col-md-12\">\n<div class=\"row\">\n<div class=\"col-md-3\"><a class=\"thumbnail\"><img style=\"max-width: 100%;\" src=\"\/wp-content\/uploads\/2017\/05\/Viridiflora_Eleanor.jpg\" alt=\"Viridiflora_Eleanor\" \/><\/a><\/div>\n<div class=\"col-md-3\"><a class=\"thumbnail\"><img style=\"max-width: 100%;\" src=\"\/wp-content\/uploads\/2017\/05\/Viridiflora_MattaLavin.jpg\" alt=\"Viridiflora_MattaLavin\" \/><\/a><\/div>\n<div class=\"col-md-3\"><a class=\"thumbnail\"><img style=\"max-width: 100%;\" src=\"\/wp-content\/uploads\/2017\/05\/Viridiflora_JoshuaMayer.jpg\" alt=\"Viridiflora_JoshuaMayer\" \/><\/a><\/div>\n<div class=\"col-md-3\"><a class=\"thumbnail\"><img style=\"max-width: 100%;\" src=\"\/wp-content\/uploads\/2017\/05\/Viridiflora2_JoshuaMayer.jpg\" alt=\"Viridiflora2_JoshuaMayer\" \/><\/a><\/div>\n<\/div>\n<\/div>\n<\/div>\n<\/div>\n<\/div>\n<\/div>\n<\/div>\n<\/div>\n<p><\/p>","protected":false},"excerpt":{"rendered":"<p>&nbsp; Quien dice monarca, dice asclepia La asclepia (com\u00fanmente conocida como \u201calgodoncillo\u201d) es una planta indispensable para el ciclo de vida de la monarca, ya que es la \u00fanica fuente de alimento para las orugas. La supervivencia de la mariposa depende de la disponibilidad de esta planta hospedera. Por lo tanto, una parte importante de&hellip; <a class=\"more-link\" href=\"https:\/\/mission-monarch.org\/wordpress\/es\/steps\/get-ready\/milkweed-identification\/\">Continue reading <span class=\"screen-reader-text\">Reconocer las asclepias (algodoncillo)<\/span><\/a><\/p>\n","protected":false},"author":1,"featured_media":0,"parent":171,"menu_order":0,"comment_status":"closed","ping_status":"closed","template":"","meta":[],"_links":{"self":[{"href":"https:\/\/mission-monarch.org\/wordpress\/es\/wp-json\/wp\/v2\/pages\/25"}],"collection":[{"href":"https:\/\/mission-monarch.org\/wordpress\/es\/wp-json\/wp\/v2\/pages"}],"about":[{"href":"https:\/\/mission-monarch.org\/wordpress\/es\/wp-json\/wp\/v2\/types\/page"}],"author":[{"embeddable":true,"href":"https:\/\/mission-monarch.org\/wordpress\/es\/wp-json\/wp\/v2\/users\/1"}],"replies":[{"embeddable":true,"href":"https:\/\/mission-monarch.org\/wordpress\/es\/wp-json\/wp\/v2\/comments?post=25"}],"version-history":[{"count":493,"href":"https:\/\/mission-monarch.org\/wordpress\/es\/wp-json\/wp\/v2\/pages\/25\/revisions"}],"predecessor-version":[{"id":4689,"href":"https:\/\/mission-monarch.org\/wordpress\/es\/wp-json\/wp\/v2\/pages\/25\/revisions\/4689"}],"up":[{"embeddable":true,"href":"https:\/\/mission-monarch.org\/wordpress\/es\/wp-json\/wp\/v2\/pages\/171"}],"wp:attachment":[{"href":"https:\/\/mission-monarch.org\/wordpress\/es\/wp-json\/wp\/v2\/media?parent=25"}],"curies":[{"name":"wp","href":"https:\/\/api.w.org\/{rel}","templated":true}]}}