{"id":27,"date":"2016-03-16T05:01:46","date_gmt":"2016-03-16T05:01:46","guid":{"rendered":"http:\/\/monarch.huasambo.com\/?page_id=27"},"modified":"2023-02-17T23:44:31","modified_gmt":"2023-02-17T23:44:31","slug":"monarch-identification","status":"publish","type":"page","link":"https:\/\/mission-monarch.org\/wordpress\/es\/steps\/get-ready\/monarch-identification\/","title":{"rendered":"Reconocer la monarca"},"content":{"rendered":"<p>&nbsp;<\/p>\n<div class=\"col-sm-4 hidden-xs\"><img loading=\"lazy\" style=\"width: 100%; float: left; padding-right: 15px;\" src=\"http:\/\/www.mission-monarch.org\/wp-content\/uploads\/2016\/05\/41238ASARRAZIN_Fotor-300x199.jpg\" alt=\"41238ASARRAZIN_Fotor\" width=\"300\" height=\"199\" \/><\/div>\n<div class=\"col-xs-12 col-sm-8 d-inline-block\">\n<h2 class=\"text-xs-left text-sm-left\"><strong>Reconocer la monarca<\/strong><\/h2>\n<p style=\"font-size: 1.1em;\">El proyecto <em>Misi\u00f3n Monarca<\/em> tiene como objetivo identificar los mejores entornos para la reproducci\u00f3n de la mariposa monarca. \u00bfC\u00f3mo encontrarlos? \u00a1Al identificar las orugas! De hecho, \u00e9stas constituyen la mejor pista para ayudarnos a proteger los h\u00e1bitats m\u00e1s productivos.<\/p>\n<p>Las mariposas son insectos con metamorfosis completa, u holomet\u00e1bolos, es decir, que cambian por completo su apariencia en cada etapa de su vida. As\u00ed, el ciclo de vida de la mariposa consiste en cuatro etapas: huevo, oruga, cris\u00e1lida y adulto.<\/p>\n<p>Aunque Misi\u00f3n Monarca se interesa particularmente por la etapa de oruga, es posible que algunos huevos, cris\u00e1lidas o adultos se crucen en tu camino. Ser\u00e1 conveniente tomar nota de su presencia, por lo que resulta fundamental que sepas reconocer la monarca en cada etapa de su ciclo de vida.\n<\/p><\/div>\n<div class=\"row\">\n<div class=\"col-xs-12 col-sm-12 text-xs-left text-sm-left\">\n<div id=\"monarchAccordion\" class=\"accordion\">\n<!-- For each Species name--><\/p>\n<div class=\"card\" style=\"margin-bottom: -1px;\" data-province=\"ma,al,on\" data-flower=\"red,pink\" data-leaves=\"opposite,narrow\" data-habitat=\"dry_soils\">\n<div class=\"card-header\" id=\"heading1\">\n<h4 class=\"mb-0\" style=\"display: inline-block; width: 100%;\"><button class=\"btn\" data-toggle=\"collapse\" data-target=\"#collapse1\" aria-expanded=\"false\" aria-controls=\"collapse1\" style=\"display: block; text-decoration: none; font-stretch: normal; font-weight: 100;\"><img style=\"float: left; width: 70px; border: 1px solid white;\" title=\"\" src=\"\/wp-content\/uploads\/2019\/02\/IMG_3480_APDP-Copie.jpg\" alt=\"\" \/><span style=\"font-size: 26px; font-weight: 500;\">\u00a0\u00a0 Huevo<\/span><\/button><\/h4>\n<\/div>\n<div id=\"collapse1\" class=\"collapse\" aria-labelledby=\"heading1\" data-bs-parent=\"#monarchAccordion\">\n<div class=\"card-body\">\n<p><strong>ESPECIFICACIONES<\/strong><\/p>\n<table>\n<tbody>\n<tr>\n<td valign=\"top\"><strong>Largo: <\/strong><br \/>\n<strong>Ancho: <\/strong><br \/>\n<strong>Duraci\u00f3n: <\/strong><\/td>\n<td><strong>1,2 mm <\/strong><br \/>\n<strong>0,9 mm <\/strong><br \/>\n<strong>3 a 8 d\u00edas <\/strong><\/td>\n<\/tr>\n<tr>\n<td valign=\"top\"><strong>Descripci\u00f3n \u00a0\u00a0 <\/strong><\/td>\n<td>Por lo general, hay solamente un huevo por planta de asclepia, aunque en ocasiones pueden encontrarse m\u00e1s.<\/p>\n<p>De color blanco hueso o amarillento, de forma ovalada y ligeramente c\u00f3nica, con estr\u00edas longitudinales a lo largo de su superficie exterior<\/td>\n<\/tr>\n<tr>\n<td colspan=\"2\" valign=\"top\"><strong>\u00a1Cuidado con los huevos falsos (savia de asclepia)!<\/strong><\/td>\n<\/tr>\n<tr>\n<td colspan=\"2\" valign=\"top\">Las asclepias producen una savia blanquecina y pegajosa que a veces forma peque\u00f1as burbujas en las hojas. \u00a1Hay que tener cuidado de no confundir estas gotitas con huevos de monarca!<\/p>\n<ul>\n<li>Peque\u00f1as burbujas de color blanquecino muy esf\u00e9ricas.<\/li>\n<li>Tama\u00f1o variable, a veces similar al de un huevo de monarca.<\/li>\n<\/ul>\n<\/td>\n<\/tr>\n<tr>\n<td colspan=\"2\"><\/td>\n<\/tr>\n<\/tbody>\n<\/table>\n<div class=\"row\">\n<div class=\"col-md-12\">\n<div class=\"row\">\n<div class=\"col-md-4\"><a class=\"thumbnail\"><img style=\"max-width: 100%;\" src=\"\/wp-content\/uploads\/2016\/05\/41676ASARRAZIN_Fotor_Fotor.jpg\" alt=\"Asclepias incarnata\" \/><\/a><\/div>\n<div class=\"col-md-4\"><a class=\"thumbnail\"><img style=\"max-width: 100%;\" src=\"\/wp-content\/uploads\/2016\/05\/41676-1ASARRAZIN_Fotor2_Fotor-1024x615.jpg\" alt=\"Asclepias incarnata\" \/><\/a><\/div>\n<\/div>\n<\/div>\n<\/div>\n<\/div>\n<\/div>\n<\/div>\n<div class=\"card\" style=\"margin-bottom: -1px;\" data-province=\"ma,al,on\" data-flower=\"red,pink\" data-leaves=\"opposite,narrow\" data-habitat=\"dry_soils\">\n<div class=\"card-header\" id=\"heading2\">\n<h4 class=\"mb-0\" style=\"display: inline-block; width: 100%;\"><button class=\"btn\" data-toggle=\"collapse\" data-target=\"#collapse2\" aria-expanded=\"false\" aria-controls=\"collapse2\" style=\"display: block; text-decoration: none; font-stretch: normal; font-weight: 100;\"><img style=\"float: left; width: 70px; border: 1px solid white;\" title=\"\" src=\"\/wp-content\/uploads\/2016\/05\/41662-1ASARRAZIN_Fotor_Fotor-300x194.jpg\" alt=\"\" \/><span style=\"font-size: 26px; font-weight: 500;\">\u00a0\u00a0 Oruga<\/span><\/button><\/h4>\n<\/div>\n<div id=\"collapse2\" class=\"collapse\" aria-labelledby=\"heading2\" data-bs-parent=\"#monarchAccordion\">\n<div class=\"card-body text-left\">\n<p><strong>ESPECIFICACIONES<\/strong><\/p>\n<table>\n<tbody>\n<tr>\n<td valign=\"top\"><strong>Largo: <\/strong><br \/>\n<strong>Ancho: <\/strong><br \/>\n<strong>Cabeza: <\/strong><br \/>\n<strong>Duraci\u00f3n:<\/strong><\/td>\n<td><strong>2 a 45 mm <\/strong><br \/>\n<strong>0,5 a 8 mm <\/strong><br \/>\n<strong>0,6 a 2,2 mm <\/strong><br \/>\n<strong>7 a 17 d\u00edas<\/strong><\/td>\n<\/tr>\n<tr>\n<td valign=\"top\"><strong>Apariencia <\/strong><\/td>\n<td>Rayas amarillas, blancas y negras<\/p>\n<p>Presencia de filamentos negros en ambos extremos del cuerpo (apenas visibles en las orugas j\u00f3venes)<\/p>\n<p>Manchas blancas en las falsas patas, m\u00e1s n\u00edtidas en las orugas en estadios avanzados<\/p>\n<p>Por lo general se les observa en asclepias, pero pueden aventurarse a otras especies cuando llega el momento de convertirse en cris\u00e1lidas<\/td>\n<\/tr>\n<tr>\n<td valign=\"top\"><strong>Comportamiento <\/strong><\/td>\n<td>Las orugas j\u00f3venes, al alimentarse, hacen agujeros en medio de la hoja. Despu\u00e9s de unos d\u00edas se comen el borde de las hojas<\/td>\n<\/tr>\n<tr>\n<td colspan=\"2\"><\/td>\n<\/tr>\n<\/tbody>\n<\/table>\n<div class=\"row\">\n<div class=\"col-md-12\">\n<div class=\"row\">\n<div class=\"col-md-4\"><a class=\"thumbnail\"><img style=\"max-width: 100%;\" src=\"\/wp-content\/uploads\/2016\/05\/41662-1ASARRAZIN_Fotor_Fotor-300x194.jpg\" alt=\"Asclepias incarnata\" \/><\/a><\/div>\n<div class=\"col-md-4\"><a class=\"thumbnail\"><img style=\"max-width: 100%;\" src=\"\/wp-content\/uploads\/2016\/05\/41677-2ASARRAZIN_Fotor_Fotor-300x198.jpg\" alt=\"Asclepias incarnata\" \/><\/a><\/div>\n<\/div>\n<\/div>\n<\/div>\n<\/div>\n<\/div>\n<\/div>\n<div class=\"card\" style=\"margin-bottom: -1px;\" data-province=\"ma,al,on\" data-flower=\"red,pink\" data-leaves=\"opposite,narrow\" data-habitat=\"dry_soils\">\n<div class=\"card-header\" id=\"heading3\">\n<h4 class=\"mb-0\" style=\"display: inline-block; width: 100%;\"><button class=\"btn\" data-toggle=\"collapse\" data-target=\"#collapse3\" aria-expanded=\"false\" aria-controls=\"collapse3\" style=\"display: block; text-decoration: none; font-stretch: normal; font-weight: 100;\"><img style=\"float: left; width: 70px; border: 1px solid white;\" title=\"\" src=\"\/wp-content\/uploads\/2016\/05\/41599ASARRAZIN_Fotor_Fotor-300x199.jpg\" alt=\"\" \/><span style=\"font-size: 26px; font-weight: 500;\">\u00a0\u00a0 Cris\u00e1lida<\/span><\/button><\/h4>\n<\/div>\n<div id=\"collapse3\" class=\"collapse\" aria-labelledby=\"heading3\" data-bs-parent=\"#monarchAccordion\">\n<div class=\"card-body text-left\">\n<p><strong>ESPECIFICACIONES<\/strong><\/p>\n<table>\n<tbody>\n<tr>\n<td valign=\"top\"><strong>Largo: <\/strong><br \/>\n<strong>Ancho: <\/strong><br \/>\n<strong>Duraci\u00f3n:<\/strong><\/td>\n<td><strong>3 cm <\/strong><br \/>\n<strong>1 cm <\/strong><br \/>\n<strong>8 a 15 d\u00edas<\/strong><\/td>\n<\/tr>\n<tr>\n<td valign=\"top\"><strong>Descripci\u00f3n \u00a0\u00a0 <\/strong><\/td>\n<td>Verde turquesa, adornada con puntos dorados.<\/p>\n<p>Poco a poco se vuelve m\u00e1s oscura, hasta que aparecen los colores del adulto a trav\u00e9s de la vaina transparente, aproximadamente 24 a 48 horas antes de la salida de la mariposa.<\/p>\n<p>\u00a1Excelente camuflaje! Dif\u00edcil de notar en la naturaleza.<\/p>\n<p>A menudo se encuentra en otras plantas adem\u00e1s de las asclepias.<\/td>\n<\/tr>\n<tr>\n<td colspan=\"2\"><\/td>\n<\/tr>\n<\/tbody>\n<\/table>\n<div class=\"row\">\n<div class=\"col-md-12\">\n<div class=\"row\">\n<div class=\"col-md-4\"><a class=\"thumbnail\"><img style=\"max-width: 100%;\" src=\"\/wp-content\/uploads\/2016\/05\/41599ASARRAZIN_Fotor_Fotor-300x199.jpg\" alt=\"Asclepias incarnata\" \/><\/a><\/div>\n<div class=\"col-md-4\"><a class=\"thumbnail\"><img style=\"max-width: 100%;\" src=\"\/wp-content\/uploads\/2016\/05\/41661-1ASARRAZIN_Fotor-1-300x198.jpg\" alt=\"Asclepias incarnata\" \/><\/a><\/div>\n<\/div>\n<\/div>\n<\/div>\n<\/div>\n<\/div>\n<\/div>\n<div class=\"card\" style=\"margin-bottom: -1px;\" data-province=\"ma,al,on\" data-flower=\"red,pink\" data-leaves=\"opposite,narrow\" data-habitat=\"dry_soils\">\n<div class=\"card-header\" id=\"heading4\">\n<h4 class=\"mb-0\" style=\"display: inline-block; width: 100%;\"><button class=\"btn\" data-toggle=\"collapse\" data-target=\"#collapse4\" aria-expanded=\"false\" aria-controls=\"collapse4\" style=\"display: block; text-decoration: none; font-stretch: normal; font-weight: 100;\"><img style=\"float: left; width: 70px; border: 1px solid white;\" title=\"\" src=\"\/wp-content\/uploads\/2016\/05\/40336ASARRAZIN_Fotor-1-300x215.jpg\" alt=\"\" \/><span style=\"font-size: 26px; font-weight: 500;\">\u00a0\u00a0 Adulto<\/span><\/button><\/h4>\n<\/div>\n<div id=\"collapse4\" class=\"collapse\" aria-labelledby=\"heading4\" data-bs-parent=\"#monarchAccordion\">\n<div class=\"card-body\">\n<p><strong>ESPECIFICACIONES<\/strong><\/p>\n<table>\n<tbody>\n<tr>\n<td valign=\"top\"><strong>Envergadura: <\/strong><br \/>\n<strong>Duraci\u00f3n: <\/strong><\/td>\n<td><strong>9 a 11 cm <\/strong><br \/>\n<strong>3 a 5 semanas, y alrededor de 8 meses (generaci\u00f3n migratoria) <\/strong><\/td>\n<\/tr>\n<tr>\n<td valign=\"top\"><strong>Descripci\u00f3n \u00a0\u00a0 <\/strong><\/td>\n<td>Alas de color naranja con nervaduras negras, y motas blancas en los bordes.<\/p>\n<p>Figuran entre las mariposas m\u00e1s grandes de Canad\u00e1.<\/p>\n<p>En las alas traseras, los machos lucen un par de manchas redondas negras, ausentes en las hembras.<\/td>\n<\/tr>\n<tr>\n<td colspan=\"2\"><\/td>\n<\/tr>\n<\/tbody>\n<\/table>\n<div class=\"row\">\n<div class=\"col-md-12\">\n<div class=\"row\">\n<div class=\"col-md-4\"><a class=\"thumbnail\"><img style=\"max-width: 100%;\" src=\"\/wp-content\/uploads\/2016\/05\/40336ASARRAZIN_Fotor-1-300x215.jpg\" alt=\"\" \/><\/a><\/div>\n<div class=\"col-md-4\"><a class=\"thumbnail\"><img style=\"max-width: 100%;\" src=\"\/wp-content\/uploads\/2016\/05\/cr_michel-tremblay-Jardin-botanique_Fotor-300x200.jpg\" alt=\"\" \/><\/a><\/div>\n<\/div>\n<\/div>\n<\/div>\n<\/div>\n<\/div>\n<\/div>\n<\/div>\n<\/div>\n<\/div>\n<p><\/p>","protected":false},"excerpt":{"rendered":"<p>&nbsp; Reconocer la monarca El proyecto Misi\u00f3n Monarca tiene como objetivo identificar los mejores entornos para la reproducci\u00f3n de la mariposa monarca. \u00bfC\u00f3mo encontrarlos? \u00a1Al identificar las orugas! De hecho, \u00e9stas constituyen la mejor pista para ayudarnos a proteger los h\u00e1bitats m\u00e1s productivos. Las mariposas son insectos con metamorfosis completa, u holomet\u00e1bolos, es decir, que&hellip; <a class=\"more-link\" href=\"https:\/\/mission-monarch.org\/wordpress\/es\/steps\/get-ready\/monarch-identification\/\">Continue reading <span class=\"screen-reader-text\">Reconocer la monarca<\/span><\/a><\/p>\n","protected":false},"author":1,"featured_media":0,"parent":171,"menu_order":0,"comment_status":"closed","ping_status":"closed","template":"","meta":[],"_links":{"self":[{"href":"https:\/\/mission-monarch.org\/wordpress\/es\/wp-json\/wp\/v2\/pages\/27"}],"collection":[{"href":"https:\/\/mission-monarch.org\/wordpress\/es\/wp-json\/wp\/v2\/pages"}],"about":[{"href":"https:\/\/mission-monarch.org\/wordpress\/es\/wp-json\/wp\/v2\/types\/page"}],"author":[{"embeddable":true,"href":"https:\/\/mission-monarch.org\/wordpress\/es\/wp-json\/wp\/v2\/users\/1"}],"replies":[{"embeddable":true,"href":"https:\/\/mission-monarch.org\/wordpress\/es\/wp-json\/wp\/v2\/comments?post=27"}],"version-history":[{"count":131,"href":"https:\/\/mission-monarch.org\/wordpress\/es\/wp-json\/wp\/v2\/pages\/27\/revisions"}],"predecessor-version":[{"id":4585,"href":"https:\/\/mission-monarch.org\/wordpress\/es\/wp-json\/wp\/v2\/pages\/27\/revisions\/4585"}],"up":[{"embeddable":true,"href":"https:\/\/mission-monarch.org\/wordpress\/es\/wp-json\/wp\/v2\/pages\/171"}],"wp:attachment":[{"href":"https:\/\/mission-monarch.org\/wordpress\/es\/wp-json\/wp\/v2\/media?parent=27"}],"curies":[{"name":"wp","href":"https:\/\/api.w.org\/{rel}","templated":true}]}}