{"id":3574,"date":"2019-02-22T21:35:52","date_gmt":"2019-02-22T21:35:52","guid":{"rendered":"http:\/\/www.mission-monarch.org\/?page_id=3574"},"modified":"2023-03-30T14:46:37","modified_gmt":"2023-03-30T14:46:37","slug":"ready-to-go","status":"publish","type":"page","link":"https:\/\/mission-monarch.org\/wordpress\/es\/ready-to-go\/","title":{"rendered":"Listo?"},"content":{"rendered":"<p><img loading=\"lazy\" class=\"size-medium wp-image-3387 alignright\" src=\"http:\/\/www.mission-monarch.org\/wp-content\/uploads\/2018\/09\/IMG_1990-225x300.jpg\" alt=\"\" width=\"225\" height=\"300\" srcset=\"https:\/\/mission-monarch.org\/wordpress\/wp-content\/uploads\/2018\/09\/IMG_1990-225x300.jpg 225w, https:\/\/mission-monarch.org\/wordpress\/wp-content\/uploads\/2018\/09\/IMG_1990-768x1024.jpg 768w\" sizes=\"(max-width: 225px) 100vw, 225px\" \/><\/p>\n<h3>En el campo necesitar\u00e1s:<\/h3>\n<ol>\n<li>El <a href=\"http:\/\/www.mission-monarch.org\/wp-content\/uploads\/2017\/07\/formulaire-monarque_ANG.pdf\" target=\"_blank\" rel=\"noopener noreferrer\">formulario <\/a>para llenar, en papel o en formato electr\u00f3nico;<\/li>\n<li>L\u00e1pices y una superficie dura para escribir, o un dispositivo electr\u00f3nico con acceso a internet;<\/li>\n<li>Protector solar y botella de agua!<\/li>\n<\/ol>\n<p><strong>Tambi\u00e9n te puede resultar de utilidad llevar contigo estos art\u00edculos para ayudarte en tu exploraci\u00f3n:<\/strong><\/p>\n<ol>\n<li>Una lupa;<\/li>\n<li>Las hojas de identificaci\u00f3n de especies de asclepia y de los diferentes estadios larvales de las orugas;<\/li>\n<li>Un cuaderno para tus observaciones o preguntas;<\/li>\n<li>Una c\u00e1mara: \u00a1fotograf\u00eda tus observaciones! \u00a1As\u00ed podr\u00e1s verificar tus identificaciones y compartir tus hallazgos en la galer\u00eda de fotos!<\/li>\n<\/ol>\n<p>&nbsp;<\/p>\n<p><img loading=\"lazy\" class=\"size-medium wp-image-891 alignright\" src=\"http:\/\/www.mission-monarch.org\/wp-content\/uploads\/2016\/05\/thumb_IMG_2335_1024_Fotor-300x225.jpg\" alt=\"\" width=\"300\" height=\"225\" srcset=\"https:\/\/mission-monarch.org\/wordpress\/wp-content\/uploads\/2016\/05\/thumb_IMG_2335_1024_Fotor-300x225.jpg 300w, https:\/\/mission-monarch.org\/wordpress\/wp-content\/uploads\/2016\/05\/thumb_IMG_2335_1024_Fotor-768x576.jpg 768w, https:\/\/mission-monarch.org\/wordpress\/wp-content\/uploads\/2016\/05\/thumb_IMG_2335_1024_Fotor.jpg 965w\" sizes=\"(max-width: 300px) 100vw, 300px\" \/><\/p>\n<h3>Algunos consejos<\/h3>\n<p><strong>T\u00f3mate tu tiempo para observar bien<\/strong><\/p>\n<p>Las monarcas pueden ocultarse con mucha habilidad. \u00a1Comprueba cada hoja (por encima y por debajo), las flores y frutos de las plantas de asclepia para detectar la presencia de orugas o huevos y no pasar nada por alto!<\/p>\n<p><strong>Ten cuidado al identificar<\/strong><\/p>\n<p>\u00a1Incluso los observadores m\u00e1s experimentados pueden confundirse! \u00a1No siempre es f\u00e1cil reconocer el huevo o diferenciar los estadios larvarios de la monarca! T\u00f3mate tu tiempo para examinar los espec\u00edmenes que encuentres, y no dudes en tomar fotograf\u00edas para confirmar su identificaci\u00f3n. Recuerda tambi\u00e9n que otras especies de insectos, incluso sus orugas, frecuentan las asclepias. Lo que encontrar\u00e1s no es necesariamente una monarca.<\/p>","protected":false},"excerpt":{"rendered":"<p>En el campo necesitar\u00e1s: El formulario para llenar, en papel o en formato electr\u00f3nico; L\u00e1pices y una superficie dura para escribir, o un dispositivo electr\u00f3nico con acceso a internet; Protector solar y botella de agua! Tambi\u00e9n te puede resultar de utilidad llevar contigo estos art\u00edculos para ayudarte en tu exploraci\u00f3n: Una lupa; Las hojas de&hellip; <a class=\"more-link\" href=\"https:\/\/mission-monarch.org\/wordpress\/es\/ready-to-go\/\">Continue reading <span class=\"screen-reader-text\">Listo?<\/span><\/a><\/p>\n","protected":false},"author":1,"featured_media":0,"parent":0,"menu_order":0,"comment_status":"closed","ping_status":"closed","template":"","meta":[],"_links":{"self":[{"href":"https:\/\/mission-monarch.org\/wordpress\/es\/wp-json\/wp\/v2\/pages\/3574"}],"collection":[{"href":"https:\/\/mission-monarch.org\/wordpress\/es\/wp-json\/wp\/v2\/pages"}],"about":[{"href":"https:\/\/mission-monarch.org\/wordpress\/es\/wp-json\/wp\/v2\/types\/page"}],"author":[{"embeddable":true,"href":"https:\/\/mission-monarch.org\/wordpress\/es\/wp-json\/wp\/v2\/users\/1"}],"replies":[{"embeddable":true,"href":"https:\/\/mission-monarch.org\/wordpress\/es\/wp-json\/wp\/v2\/comments?post=3574"}],"version-history":[{"count":18,"href":"https:\/\/mission-monarch.org\/wordpress\/es\/wp-json\/wp\/v2\/pages\/3574\/revisions"}],"predecessor-version":[{"id":4664,"href":"https:\/\/mission-monarch.org\/wordpress\/es\/wp-json\/wp\/v2\/pages\/3574\/revisions\/4664"}],"wp:attachment":[{"href":"https:\/\/mission-monarch.org\/wordpress\/es\/wp-json\/wp\/v2\/media?parent=3574"}],"curies":[{"name":"wp","href":"https:\/\/api.w.org\/{rel}","templated":true}]}}