{"id":51,"date":"2016-03-16T05:06:57","date_gmt":"2016-03-16T05:06:57","guid":{"rendered":"http:\/\/monarch.huasambo.com\/?page_id=51"},"modified":"2024-02-13T16:28:48","modified_gmt":"2024-02-13T16:28:48","slug":"partners","status":"publish","type":"page","link":"https:\/\/mission-monarch.org\/wordpress\/es\/partners\/","title":{"rendered":"Partners"},"content":{"rendered":"<p><\/p>\n<div class=\"col-xs-12 text-center\">\n<p style=\"color: #c03000;\"><em>Lo sentimos. Est\u00e1 pagina no est\u00e1 disponible en espa\u00f1ol.<\/em><\/p>\n<p style=\"text-align: left;\">This project was undertaken with the financial support of the Government of Canada, through the Habitat Stewardship Program. <em>Mission Monarch<\/em> also benefits funding by the Monarch Nation program. The David Suzuki Foundation also undertakes actions for monarch conservation, and invite you to <a href=\"https:\/\/davidsuzuki.org\/action\/save-monarch-butterflies-late\/\">send a message<\/a> to federal authorities to show your support.<\/p>\n<p>&nbsp;<\/p>\n<div class=\"col-xs-12 col-sm-10\">\n<p><a href=\"https:\/\/www.canada.ca\/fr.html\" target=\"_blank\" rel=\"noopener noreferrer\"><img loading=\"lazy\" class=\"img-responsive col-xs-8 col-sm-4 text-xs-center alignnone\" src=\"\/wp-content\/uploads\/2016\/06\/gouv_canada-300x76.jpg\" alt=\"Environnement Canada\" width=\"300\" height=\"76\" \/><\/a><img loading=\"lazy\" class=\"size-medium wp-image-4831 alignright\" style=\"background-color: var(--global--color-background); color: var(--global--color-primary); font-family: var(--global--font-secondary); font-size: var(--global--font-size-base);\" src=\"http:\/\/www.mission-monarch.org\/wordpress\/wp-content\/uploads\/2024\/02\/VCE-logo-2018-email-2-300x72.png\" alt=\"\" width=\"300\" height=\"72\" srcset=\"https:\/\/mission-monarch.org\/wordpress\/wp-content\/uploads\/2024\/02\/VCE-logo-2018-email-2-300x72.png 300w, https:\/\/mission-monarch.org\/wordpress\/wp-content\/uploads\/2024\/02\/VCE-logo-2018-email-2.png 644w\" sizes=\"(max-width: 300px) 100vw, 300px\" \/><\/p>\n<p><em style=\"color: #c03000;\"><img loading=\"lazy\" class=\"alignnone size-medium wp-image-4836\" src=\"http:\/\/www.mission-monarch.org\/wordpress\/wp-content\/uploads\/2024\/02\/NatureNB_Logo_50-2-300x188.png\" alt=\"\" width=\"300\" height=\"188\" srcset=\"https:\/\/mission-monarch.org\/wordpress\/wp-content\/uploads\/2024\/02\/NatureNB_Logo_50-2-300x188.png 300w, https:\/\/mission-monarch.org\/wordpress\/wp-content\/uploads\/2024\/02\/NatureNB_Logo_50-2-1024x640.png 1024w, https:\/\/mission-monarch.org\/wordpress\/wp-content\/uploads\/2024\/02\/NatureNB_Logo_50-2-768x480.png 768w, https:\/\/mission-monarch.org\/wordpress\/wp-content\/uploads\/2024\/02\/NatureNB_Logo_50-2.png 1200w\" sizes=\"(max-width: 300px) 100vw, 300px\" \/><\/em><\/p>\n<\/div>\n<p><a style=\"text-decoration-style: dotted; text-decoration-skip-ink: none;\" href=\"http:\/\/effetpapillon.davidsuzuki.org\/\" target=\"_blank\" rel=\"noopener noreferrer\"><img loading=\"lazy\" class=\"alignright\" src=\"\/wp-content\/uploads\/2017\/06\/logo_effetPapillons-300x74.png\" alt=\"Effet papillon\" width=\"300\" height=\"74\" \/><\/a><\/p>\n<\/div>\n<p><u>\u00a0<\/u><\/p>\n<p>&nbsp;<\/p>\n<p>&nbsp;<\/p>\n<div class=\"col-xs-12 col-sm-12\">\n<hr \/>\n<\/div>\n<p><\/p>","protected":false},"excerpt":{"rendered":"<p>Lo sentimos. Est\u00e1 pagina no est\u00e1 disponible en espa\u00f1ol. This project was undertaken with the financial support of the Government of Canada, through the Habitat Stewardship Program. Mission Monarch also benefits funding by the Monarch Nation program. The David Suzuki Foundation also undertakes actions for monarch conservation, and invite you to send a message to&hellip; <a class=\"more-link\" href=\"https:\/\/mission-monarch.org\/wordpress\/es\/partners\/\">Continue reading <span class=\"screen-reader-text\">Partners<\/span><\/a><\/p>\n","protected":false},"author":1,"featured_media":0,"parent":0,"menu_order":0,"comment_status":"closed","ping_status":"closed","template":"","meta":[],"_links":{"self":[{"href":"https:\/\/mission-monarch.org\/wordpress\/es\/wp-json\/wp\/v2\/pages\/51"}],"collection":[{"href":"https:\/\/mission-monarch.org\/wordpress\/es\/wp-json\/wp\/v2\/pages"}],"about":[{"href":"https:\/\/mission-monarch.org\/wordpress\/es\/wp-json\/wp\/v2\/types\/page"}],"author":[{"embeddable":true,"href":"https:\/\/mission-monarch.org\/wordpress\/es\/wp-json\/wp\/v2\/users\/1"}],"replies":[{"embeddable":true,"href":"https:\/\/mission-monarch.org\/wordpress\/es\/wp-json\/wp\/v2\/comments?post=51"}],"version-history":[{"count":140,"href":"https:\/\/mission-monarch.org\/wordpress\/es\/wp-json\/wp\/v2\/pages\/51\/revisions"}],"predecessor-version":[{"id":4840,"href":"https:\/\/mission-monarch.org\/wordpress\/es\/wp-json\/wp\/v2\/pages\/51\/revisions\/4840"}],"wp:attachment":[{"href":"https:\/\/mission-monarch.org\/wordpress\/es\/wp-json\/wp\/v2\/media?parent=51"}],"curies":[{"name":"wp","href":"https:\/\/api.w.org\/{rel}","templated":true}]}}