{"id":85,"date":"2016-03-23T15:18:15","date_gmt":"2016-03-23T15:18:15","guid":{"rendered":"http:\/\/monarch.huasambo.com\/?page_id=85"},"modified":"2023-02-16T21:51:42","modified_gmt":"2023-02-16T21:51:42","slug":"monarch-identification-annual-cycle","status":"publish","type":"page","link":"https:\/\/mission-monarch.org\/wordpress\/es\/monarchs-biology\/monarch-identification-annual-cycle\/","title":{"rendered":"Annual monarch life cycle"},"content":{"rendered":"<p><\/p>\n<div class=\"row\">\n<div class=\"col-xs-12 col-sm-7\">\n<p style=\"color: #c03000;\"><em>Lo sentimos. Est\u00e1 pagina no est\u00e1 disponible en espa\u00f1ol.<\/em><\/p>\n<h3>June<\/h3>\n<h6 style=\"color: #777\">(mid-May in southern Ontario)<\/h6>\n<p>The first adult monarchs arrive in southern Canada. As they head farther north, the females look for young milkweed plants to lay their eggs.<\/p>\n<p>It takes 3 to 8 days for an egg to develop. Then the caterpillar (larva) hatches, and grows for about 15 days. After that comes the pupal (chrysalis) stage. Because it takes nearly two weeks between the time when the egg is laid and the pupa forms, don\u2019t expect to see any pupae before mid-June.<\/p>\n<h3>July<\/h3>\n<h6 style=\"color: #777\">(June in southern Ontario)<\/h6>\n<p>Monarchs born in Canada have completed their life cycle and now a second generation of butterflies appears. In July, you might see eggs, caterpillars, pupae and adults all at the same time! Two generations may appear over the summer.<\/p>\n<h3>August and September<\/h3>\n<p>As the daily hours of sunlight decline, the monarchs receive a new signal \u2013 it\u2019s time for them to migrate. The reproductive organs of the butterflies that emerge (go from pupae to adults) in late summer don\u2019t fully develop. That allows them to save energy for their long flight to their wintering grounds, where they start arriving in late October and stay until March.<\/p>\n<\/div>\n<div class=\"col-xs-12 col-sm-4\">\n<h3><\/h3>\n<p><img class=\"img-responsive col-xs-12\" style=\"padding: 0; width: 100%\" src=\"\/wp-content\/uploads\/2016\/05\/40693ASARRAZIN_Fotor-1024x861.jpg\" alt=\"40693ASARRAZIN_Fotor\"\/><\/p>\n<\/div>\n<\/div>\n<p><\/p>","protected":false},"excerpt":{"rendered":"<p>Lo sentimos. Est\u00e1 pagina no est\u00e1 disponible en espa\u00f1ol. June (mid-May in southern Ontario) The first adult monarchs arrive in southern Canada. As they head farther north, the females look for young milkweed plants to lay their eggs. It takes 3 to 8 days for an egg to develop. Then the caterpillar (larva) hatches, and&hellip; <a class=\"more-link\" href=\"https:\/\/mission-monarch.org\/wordpress\/es\/monarchs-biology\/monarch-identification-annual-cycle\/\">Continue reading <span class=\"screen-reader-text\">Annual monarch life cycle<\/span><\/a><\/p>\n","protected":false},"author":1,"featured_media":0,"parent":45,"menu_order":0,"comment_status":"closed","ping_status":"closed","template":"","meta":[],"_links":{"self":[{"href":"https:\/\/mission-monarch.org\/wordpress\/es\/wp-json\/wp\/v2\/pages\/85"}],"collection":[{"href":"https:\/\/mission-monarch.org\/wordpress\/es\/wp-json\/wp\/v2\/pages"}],"about":[{"href":"https:\/\/mission-monarch.org\/wordpress\/es\/wp-json\/wp\/v2\/types\/page"}],"author":[{"embeddable":true,"href":"https:\/\/mission-monarch.org\/wordpress\/es\/wp-json\/wp\/v2\/users\/1"}],"replies":[{"embeddable":true,"href":"https:\/\/mission-monarch.org\/wordpress\/es\/wp-json\/wp\/v2\/comments?post=85"}],"version-history":[{"count":51,"href":"https:\/\/mission-monarch.org\/wordpress\/es\/wp-json\/wp\/v2\/pages\/85\/revisions"}],"predecessor-version":[{"id":4569,"href":"https:\/\/mission-monarch.org\/wordpress\/es\/wp-json\/wp\/v2\/pages\/85\/revisions\/4569"}],"up":[{"embeddable":true,"href":"https:\/\/mission-monarch.org\/wordpress\/es\/wp-json\/wp\/v2\/pages\/45"}],"wp:attachment":[{"href":"https:\/\/mission-monarch.org\/wordpress\/es\/wp-json\/wp\/v2\/media?parent=85"}],"curies":[{"name":"wp","href":"https:\/\/api.w.org\/{rel}","templated":true}]}}