{"id":27,"date":"2016-03-16T05:01:46","date_gmt":"2016-03-16T05:01:46","guid":{"rendered":"http:\/\/monarch.huasambo.com\/?page_id=27"},"modified":"2023-02-17T23:44:31","modified_gmt":"2023-02-17T23:44:31","slug":"monarch-identification","status":"publish","type":"page","link":"https:\/\/mission-monarch.org\/wordpress\/fr\/steps\/get-ready\/monarch-identification\/","title":{"rendered":"V\u00e9rifier la pr\u00e9sence de monarques"},"content":{"rendered":"<p>&nbsp;<\/p>\n<div class=\"col-sm-4 hidden-xs\"><img loading=\"lazy\" style=\"width: 100%; float: left; padding-right: 15px;\" src=\"http:\/\/www.mission-monarch.org\/wp-content\/uploads\/2016\/05\/41238ASARRAZIN_Fotor-300x199.jpg\" alt=\"41238ASARRAZIN_Fotor\" width=\"300\" height=\"199\" \/><\/div>\n<div class=\"col-xs-12 col-sm-8 d-inline-block\">\n<p>&nbsp;<\/p>\n<p>Le programme <em>Mission monarque<\/em> vise \u00e0 identifier les meilleurs habitats de reproduction pour le monarque. Comment les trouver\u2009? En rep\u00e9rant les chenilles de monarque sur les ascl\u00e9piades\u2009! En effet, les chenilles sont un bon indice de reproduction pour nous permettre de trouver les habitats les plus productifs. Ceci dit, vous observerez aussi peut-\u00eatre des \u0153ufs, des chrysalides ou des papillons adultes. Cette page fournit des trucs pour trouver et identifier le monarque \u00e0 chacune des \u00e9tapes de son cycle de vie.<\/p>\n<p>&nbsp;<br \/>\n&nbsp;<\/p>\n<\/div>\n<div class=\"row\">\n<div class=\"col-xs-12 col-sm-12 text-xs-left text-sm-left\">\n<div id=\"monarchAccordion\" class=\"accordion\">\n<p><!-- For each Species name--><\/p>\n<div class=\"card\" style=\"margin-bottom: -1px;\" data-province=\"ma,al,on\" data-flower=\"red,pink\" data-leaves=\"opposite,narrow\" data-habitat=\"dry_soils\">\n<div class=\"card-header\" id=\"heading1\">\n<h4 class=\"mb-0\" style=\"display: inline-block; width: 100%;\"><button class=\"btn\" data-toggle=\"collapse\" data-target=\"#collapse1\" aria-expanded=\"false\" aria-controls=\"collapse1\" style=\"display: block; text-decoration: none; font-stretch: normal; font-weight: 100;\"><img style=\"float: left; width: 70px; border: 1px solid white;\" title=\"\" src=\"\/wp-content\/uploads\/2019\/02\/IMG_3480_APDP-Copie.jpg\" alt=\"\" \/><span style=\"font-size: 26px; font-weight: 500;\">\u00a0\u00a0 L&#8217;\u0153uf<\/span><\/button><\/h4>\n<\/div>\n<div id=\"collapse1\" class=\"collapse\" aria-labelledby=\"heading1\" data-bs-parent=\"#monarchAccordion\">\n<div class=\"card-body\">\n<p><strong>SPECIFICATIONS<\/strong><\/p>\n<table>\n<tbody>\n<tr>\n<td valign=\"top\"><strong>Hauteur: <\/strong><br \/>\n<strong>Largeur: <\/strong><br \/>\n<strong>Dur\u00e9e: <\/strong><\/td>\n<td><strong>1,2 mm <\/strong><br \/>\n<strong>0,9 mm <\/strong><br \/>\n<strong>3 \u00e0 8 jours <\/strong><\/td>\n<\/tr>\n<tr>\n<td valign=\"top\"><strong>Description \u00a0\u00a0 <\/strong><\/td>\n<td>G\u00e9n\u00e9ralement un seul \u0153uf par plant d\u2019ascl\u00e9piades, mais il arrive d\u2019en trouver plusieurs.<\/p>\n<p>De couleur blanc cass\u00e9 \u00e0 jaun\u00e2tre, de forme ovale et l\u00e9g\u00e8rement conique, avec des stries longitudinales sur toute sa surface ext\u00e9rieure.<\/td>\n<\/tr>\n<tr>\n<td colspan=\"2\" valign=\"top\"><strong>Attention aux faux \u0153ufs (s\u00e8ve d\u2019ascl\u00e9piade)!<\/strong><\/td>\n<\/tr>\n<tr>\n<td colspan=\"2\" valign=\"top\">L\u2019ascl\u00e9piade produit une s\u00e8ve blanch\u00e2tre et collante (latex) qui forme parfois de petites bulles sur les feuilles. Attention de ne pas confondre ces gouttelettes avec des \u0153ufs de monarque\u2009!<\/p>\n<ul>\n<li>Petite bulle de couleur blanch\u00e2tre, plut\u00f4t sph\u00e9rique.<\/li>\n<li>Taille variable, parfois semblable \u00e0 un \u0153uf de monarque.<\/li>\n<\/ul>\n<\/td>\n<\/tr>\n<tr>\n<td colspan=\"2\"><\/td>\n<\/tr>\n<\/tbody>\n<\/table>\n<div class=\"row\">\n<div class=\"col-md-12\">\n<div class=\"row\">\n<div class=\"col-md-4\"><a class=\"thumbnail\"><img style=\"max-width: 100%;\" src=\"\/wp-content\/uploads\/2016\/05\/41676ASARRAZIN_Fotor_Fotor.jpg\" alt=\"Asclepias incarnata\" \/><\/a><\/div>\n<div class=\"col-md-4\"><a class=\"thumbnail\"><img style=\"max-width: 100%;\" src=\"\/wp-content\/uploads\/2019\/02\/IMG_3480_APDP-Copie.jpg\" alt=\"Asclepias incarnata\" \/><\/a><\/div>\n<\/div>\n<\/div>\n<\/div>\n<\/div>\n<\/div>\n<\/div>\n<div class=\"card\" style=\"margin-bottom: -1px;\" data-province=\"ma,al,on\" data-flower=\"red,pink\" data-leaves=\"opposite,narrow\" data-habitat=\"dry_soils\">\n<div class=\"card-header\" id=\"heading2\">\n<h4 class=\"mb-0\" style=\"display: inline-block; width: 100%;\"><button class=\"btn\" data-toggle=\"collapse\" data-target=\"#collapse2\" aria-expanded=\"false\" aria-controls=\"collapse2\" style=\"display: block; text-decoration: none; font-stretch: normal; font-weight: 100;\"><img style=\"float: left; width: 70px; border: 1px solid white;\" title=\"\" src=\"\/wp-content\/uploads\/2016\/05\/41662-1ASARRAZIN_Fotor_Fotor-300x194.jpg\" alt=\"\" \/><span style=\"font-size: 26px; font-weight: 500;\">\u00a0\u00a0 La chenille<\/span><\/button><\/h4>\n<\/div>\n<div id=\"collapse2\" class=\"collapse\" aria-labelledby=\"heading2\" data-bs-parent=\"#monarchAccordion\">\n<div class=\"card-body\">\n<p><strong>SPECIFICATIONS<\/strong><\/p>\n<table>\n<tbody>\n<tr>\n<td valign=\"top\"><strong>Longueur: <\/strong><br \/>\n<strong>Largeur: <\/strong><br \/>\n<strong>T\u00eate: <\/strong><br \/>\n<strong>Dur\u00e9e:<\/strong><\/td>\n<td><strong>2 \u00e0 45 mm <\/strong><br \/>\n<strong>0,5 \u00e0 8 mm <\/strong><br \/>\n<strong>0,6 \u00e0 2,2 mm <\/strong><br \/>\n<strong>7 \u00e0 17 jours<\/strong><\/td>\n<\/tr>\n<tr>\n<td valign=\"top\"><strong>Apparence <\/strong><\/td>\n<td>Rayures jaunes, blanches et noires<\/p>\n<p>Pr\u00e9sence de filaments noirs aux deux extr\u00e9mit\u00e9s du corps (difficilement visibles chez les jeunes chenilles).<\/p>\n<p>Taches blanches sur les fausses-pattes, plus distinctes chez les chenilles de stades avanc\u00e9s.<\/p>\n<p>G\u00e9n\u00e9ralement observ\u00e9es sur l\u2019ascl\u00e9piade, mais peuvent s\u2019aventurer sur d\u2019autres esp\u00e8ces au moment de devenir chrysalide.<\/td>\n<\/tr>\n<tr>\n<td valign=\"top\"><strong>Comportement <\/strong><\/td>\n<td>Les jeunes chenilles font des trous au milieu de la feuille pour s\u2019alimenter. Apr\u00e8s quelques jours, elles mangent en bordure des feuilles.<\/td>\n<\/tr>\n<tr>\n<td colspan=\"2\"><\/td>\n<\/tr>\n<\/tbody>\n<\/table>\n<div class=\"row\">\n<div class=\"col-md-12\">\n<div class=\"row\">\n<div class=\"col-md-4\"><a class=\"thumbnail\"><img style=\"max-width: 100%;\" src=\"\/wp-content\/uploads\/2016\/05\/41662-1ASARRAZIN_Fotor_Fotor-300x194.jpg\" alt=\"Asclepias incarnata\" \/><\/a><\/div>\n<div class=\"col-md-4\"><a class=\"thumbnail\"><img style=\"max-width: 100%;\" src=\"\/wp-content\/uploads\/2016\/05\/41677-2ASARRAZIN_Fotor_Fotor-300x198.jpg\" alt=\"Asclepias incarnata\" \/><\/a><\/div>\n<\/div>\n<\/div>\n<\/div>\n<\/div>\n<\/div>\n<\/div>\n<div class=\"card\" style=\"margin-bottom: -1px;\" data-province=\"ma,al,on\" data-flower=\"red,pink\" data-leaves=\"opposite,narrow\" data-habitat=\"dry_soils\">\n<div class=\"card-header\" id=\"heading3\">\n<h4 class=\"mb-0\" style=\"display: inline-block; width: 100%;\"><button class=\"btn\" data-toggle=\"collapse\" data-target=\"#collapse3\" aria-expanded=\"false\" aria-controls=\"collapse3\" style=\"display: block; text-decoration: none; font-stretch: normal; font-weight: 100;\"><img style=\"float: left; width: 70px; border: 1px solid white;\" title=\"\" src=\"\/wp-content\/uploads\/2016\/05\/41599ASARRAZIN_Fotor_Fotor-300x199.jpg\" alt=\"\" \/><span style=\"font-size: 26px; font-weight: 500;\">\u00a0\u00a0 La chrysalide<\/span><\/button><\/h4>\n<\/div>\n<div id=\"collapse3\" class=\"collapse\" aria-labelledby=\"heading3\" data-bs-parent=\"#monarchAccordion\">\n<div class=\"card-body\">\n<p><strong>SPECIFICATIONS<\/strong><\/p>\n<table>\n<tbody>\n<tr>\n<td valign=\"top\"><strong>Longueur: <\/strong><br \/>\n<strong>Largeur: <\/strong><br \/>\n<strong>Dur\u00e9e:<\/strong><\/td>\n<td><strong>3 cm <\/strong><br \/>\n<strong>1 cm <\/strong><br \/>\n<strong>8 \u00e0 15 jours<\/strong><\/td>\n<\/tr>\n<tr>\n<td valign=\"top\"><strong>Description \u00a0\u00a0 <\/strong><\/td>\n<td>Vert-turquoise, agr\u00e9ment\u00e9e de points dor\u00e9s.<\/p>\n<p>Elle devient graduellement plus fonc\u00e9e, jusqu\u2019\u00e0 l\u2019apparition des couleurs de l\u2019adulte en transparence, environ 24 \u00e0 48 heures avant l\u2019\u00e9mergence du papillon.<\/p>\n<p>Excellent camouflage\u2009! Difficile \u00e0 rep\u00e9rer en nature.<\/p>\n<p>Elle se trouve souvent ailleurs que sur les plants d\u2019ascl\u00e9piades.<\/td>\n<\/tr>\n<tr>\n<td colspan=\"2\"><\/td>\n<\/tr>\n<\/tbody>\n<\/table>\n<div class=\"row\">\n<div class=\"col-md-12\">\n<div class=\"row\">\n<div class=\"col-md-4\"><a class=\"thumbnail\"><img style=\"max-width: 100%;\" src=\"\/wp-content\/uploads\/2016\/05\/41599ASARRAZIN_Fotor_Fotor-300x199.jpg\" alt=\"Asclepias incarnata\" \/><\/a><\/div>\n<div class=\"col-md-4\"><a class=\"thumbnail\"><img style=\"max-width: 100%;\" src=\"\/wp-content\/uploads\/2016\/05\/41661-1ASARRAZIN_Fotor-1-300x198.jpg\" alt=\"Asclepias incarnata\" \/><\/a><\/div>\n<\/div>\n<\/div>\n<\/div>\n<\/div>\n<\/div>\n<\/div>\n<div class=\"card\" style=\"margin-bottom: -1px;\" data-province=\"ma,al,on\" data-flower=\"red,pink\" data-leaves=\"opposite,narrow\" data-habitat=\"dry_soils\">\n<div class=\"card-header\" id=\"heading4\">\n<h4 class=\"mb-0\" style=\"display: inline-block; width: 100%;\"><button class=\"btn\" data-toggle=\"collapse\" data-target=\"#collapse4\" aria-expanded=\"false\" aria-controls=\"collapse4\" style=\"display: block; text-decoration: none; font-stretch: normal; font-weight: 100;\"><img style=\"float: left; width: 70px; border: 1px solid white;\" title=\"\" src=\"\/wp-content\/uploads\/2016\/05\/40336ASARRAZIN_Fotor-1-300x215.jpg\" alt=\"\" \/><span style=\"font-size: 26px; font-weight: 500;\">\u00a0\u00a0 L&#8217;adulte<\/span><\/button><\/h4>\n<\/div>\n<div id=\"collapse4\" class=\"collapse\" aria-labelledby=\"heading4\" data-bs-parent=\"#monarchAccordion\">\n<div class=\"card-body\">\n<p><strong>SPECIFICATIONS<\/strong><\/p>\n<table>\n<tbody>\n<tr>\n<td valign=\"top\"><strong>Envergure: <\/strong><br \/>\n<strong>Dur\u00e9e: <\/strong><\/td>\n<td><strong>9 \u00e0 11 cm <\/strong><br \/>\n<strong>3 \u00e0 5 semaines ou environ 8 mois (g\u00e9n\u00e9ration migratrice) <\/strong><\/td>\n<\/tr>\n<tr>\n<td valign=\"top\"><strong>Description \u00a0\u00a0 <\/strong><\/td>\n<td>Ailes orang\u00e9es, nervures noires et bordures tachet\u00e9es de blanc.<\/p>\n<p>Parmi les plus grands papillons diurnes du Canada.<\/p>\n<p>Les m\u00e2les affichent des taches noires circulaires sur leurs ailes post\u00e9rieures (photo ci-dessous, \u00e0 droite), qui sont absentes chez les femelles.<\/td>\n<\/tr>\n<tr>\n<td colspan=\"2\"><\/td>\n<\/tr>\n<\/tbody>\n<\/table>\n<div class=\"row\">\n<div class=\"col-md-12\">\n<div class=\"row\">\n<div class=\"col-md-4\"><a class=\"thumbnail\"><img style=\"max-width: 100%;\" src=\"\/wp-content\/uploads\/2016\/05\/40336ASARRAZIN_Fotor-1-300x215.jpg\" alt=\"\" \/><\/a><\/div>\n<div class=\"col-md-4\"><a class=\"thumbnail\"><img style=\"max-width: 100%;\" src=\"\/wp-content\/uploads\/2016\/05\/cr_michel-tremblay-Jardin-botanique_Fotor-300x200.jpg\" alt=\"\" \/><\/a><\/div>\n<\/div>\n<\/div>\n<\/div>\n<\/div>\n<\/div>\n<\/div>\n<\/div>\n<\/div>\n<\/div>\n<p><\/p>","protected":false},"excerpt":{"rendered":"<p>&nbsp; &nbsp; Le programme Mission monarque vise \u00e0 identifier les meilleurs habitats de reproduction pour le monarque. Comment les trouver\u2009? En rep\u00e9rant les chenilles de monarque sur les ascl\u00e9piades\u2009! En effet, les chenilles sont un bon indice de reproduction pour nous permettre de trouver les habitats les plus productifs. Ceci dit, vous observerez aussi peut-\u00eatre&hellip; <a class=\"more-link\" href=\"https:\/\/mission-monarch.org\/wordpress\/fr\/steps\/get-ready\/monarch-identification\/\">Continue reading <span class=\"screen-reader-text\">V\u00e9rifier la pr\u00e9sence de monarques<\/span><\/a><\/p>\n","protected":false},"author":1,"featured_media":0,"parent":171,"menu_order":0,"comment_status":"closed","ping_status":"closed","template":"","meta":[],"_links":{"self":[{"href":"https:\/\/mission-monarch.org\/wordpress\/fr\/wp-json\/wp\/v2\/pages\/27"}],"collection":[{"href":"https:\/\/mission-monarch.org\/wordpress\/fr\/wp-json\/wp\/v2\/pages"}],"about":[{"href":"https:\/\/mission-monarch.org\/wordpress\/fr\/wp-json\/wp\/v2\/types\/page"}],"author":[{"embeddable":true,"href":"https:\/\/mission-monarch.org\/wordpress\/fr\/wp-json\/wp\/v2\/users\/1"}],"replies":[{"embeddable":true,"href":"https:\/\/mission-monarch.org\/wordpress\/fr\/wp-json\/wp\/v2\/comments?post=27"}],"version-history":[{"count":131,"href":"https:\/\/mission-monarch.org\/wordpress\/fr\/wp-json\/wp\/v2\/pages\/27\/revisions"}],"predecessor-version":[{"id":4585,"href":"https:\/\/mission-monarch.org\/wordpress\/fr\/wp-json\/wp\/v2\/pages\/27\/revisions\/4585"}],"up":[{"embeddable":true,"href":"https:\/\/mission-monarch.org\/wordpress\/fr\/wp-json\/wp\/v2\/pages\/171"}],"wp:attachment":[{"href":"https:\/\/mission-monarch.org\/wordpress\/fr\/wp-json\/wp\/v2\/media?parent=27"}],"curies":[{"name":"wp","href":"https:\/\/api.w.org\/{rel}","templated":true}]}}