{"id":3414,"date":"2018-10-17T15:21:34","date_gmt":"2018-10-17T15:21:34","guid":{"rendered":"http:\/\/www.mission-monarch.org\/?page_id=3414"},"modified":"2023-03-29T19:21:54","modified_gmt":"2023-03-29T19:21:54","slug":"trousse-pedagogique","status":"publish","type":"page","link":"https:\/\/mission-monarch.org\/wordpress\/fr\/trousse-pedagogique\/","title":{"rendered":"Trousse p\u00e9dagogique"},"content":{"rendered":"<p><\/p>\n<div class=\"row\">\n<div class=\"col-xs-12 col-sm-7\" style=\"font-size: 16px;\">\n<p style=\"font-size: 125%; padding-bottom: 10px;\">La situation d\u2019apprentissage consiste en une introduction \u00e0 la biologie du papillon monarque et de sa plante h\u00f4te, l\u2019ascl\u00e9piade, suivie par une authentique \u00abmission\u00bb sur le terrain. Cette activit\u00e9 peut \u00eatre tenue du d\u00e9but du mois de juin au d\u00e9but du mois d\u2019octobre.<\/p>\n<p style=\"font-size: 125%; padding-bottom: 10px;\">La trousse p\u00e9dagogique comprend le guide de l\u2019enseignant, le cahier de l\u2019\u00e9l\u00e8ve, un support visuel (format PowerPoint), un formulaire d\u2019observation sur le terrain et des guides d\u2019identification. Elle s\u2019adresse au 2e et 3e cycle du primaire.<\/p>\n<p style=\"font-size: 125%; padding-bottom: 10px;\">Merci de votre int\u00e9r\u00eat pour le programme <i>Mission monarque<\/i> et le monarque lui-m\u00eame ! C\u2019est gr\u00e2ce \u00e0 des personnes comme vous qu\u2019il sera possible d\u2019identifier les habitats de ce splendide papillon \u00e0 la grandeur du continent.<\/p>\n<p class=\"text-center\" style=\"padding-top: 10px;\"><a class=\"btn btn-warning btn-lg\" href=\"\/wordpress\/wp-content\/uploads\/2023\/03\/Trousse_pedagogique_Mission_monarque_2023.zip\">T\u00e9l\u00e9charger ma trousse!<\/a><\/p>\n<\/div>\n<div class=\"col-xs-12 col-sm-4\">\n<p><img loading=\"lazy\" class=\"alignnone size-medium wp-image-3417 thumbnail\" src=\"\/wp-content\/uploads\/2018\/10\/image1-300x225.jpg\" alt=\"\" width=\"190\" height=\"142\" srcset=\"https:\/\/mission-monarch.org\/wordpress\/wp-content\/uploads\/2018\/10\/image1-300x225.jpg 300w, https:\/\/mission-monarch.org\/wordpress\/wp-content\/uploads\/2018\/10\/image1-768x576.jpg 768w, https:\/\/mission-monarch.org\/wordpress\/wp-content\/uploads\/2018\/10\/image1-1024x768.jpg 1024w, https:\/\/mission-monarch.org\/wordpress\/wp-content\/uploads\/2018\/10\/image1.jpg 1067w\" sizes=\"(max-width: 190px) 100vw, 190px\" \/><img loading=\"lazy\" class=\"alignnone size-medium wp-image-3419 thumbnail\" src=\"\/wp-content\/uploads\/2018\/10\/image17-300x225.jpg\" alt=\"\" width=\"190\" height=\"142\" srcset=\"https:\/\/mission-monarch.org\/wordpress\/wp-content\/uploads\/2018\/10\/image17-300x225.jpg 300w, https:\/\/mission-monarch.org\/wordpress\/wp-content\/uploads\/2018\/10\/image17-768x576.jpg 768w, https:\/\/mission-monarch.org\/wordpress\/wp-content\/uploads\/2018\/10\/image17-1024x768.jpg 1024w, https:\/\/mission-monarch.org\/wordpress\/wp-content\/uploads\/2018\/10\/image17.jpg 1067w\" sizes=\"(max-width: 190px) 100vw, 190px\" \/><\/p>\n<p><img loading=\"lazy\" class=\"alignnone size-medium wp-image-3418 thumbnail\" src=\"\/wp-content\/uploads\/2018\/10\/image4-300x225.jpg\" alt=\"\" width=\"190\" height=\"142\" srcset=\"https:\/\/mission-monarch.org\/wordpress\/wp-content\/uploads\/2018\/10\/image4-300x225.jpg 300w, https:\/\/mission-monarch.org\/wordpress\/wp-content\/uploads\/2018\/10\/image4-768x576.jpg 768w, https:\/\/mission-monarch.org\/wordpress\/wp-content\/uploads\/2018\/10\/image4-1024x768.jpg 1024w, https:\/\/mission-monarch.org\/wordpress\/wp-content\/uploads\/2018\/10\/image4.jpg 1067w\" sizes=\"(max-width: 190px) 100vw, 190px\" \/><\/p>\n<\/div>\n<\/div>\n<p><\/p>","protected":false},"excerpt":{"rendered":"<p>La situation d\u2019apprentissage consiste en une introduction \u00e0 la biologie du papillon monarque et de sa plante h\u00f4te, l\u2019ascl\u00e9piade, suivie par une authentique \u00abmission\u00bb sur le terrain. Cette activit\u00e9 peut \u00eatre tenue du d\u00e9but du mois de juin au d\u00e9but du mois d\u2019octobre. La trousse p\u00e9dagogique comprend le guide de l\u2019enseignant, le cahier de l\u2019\u00e9l\u00e8ve,&hellip; <a class=\"more-link\" href=\"https:\/\/mission-monarch.org\/wordpress\/fr\/trousse-pedagogique\/\">Continue reading <span class=\"screen-reader-text\">Trousse p\u00e9dagogique<\/span><\/a><\/p>\n","protected":false},"author":1,"featured_media":0,"parent":0,"menu_order":0,"comment_status":"closed","ping_status":"closed","template":"","meta":[],"_links":{"self":[{"href":"https:\/\/mission-monarch.org\/wordpress\/fr\/wp-json\/wp\/v2\/pages\/3414"}],"collection":[{"href":"https:\/\/mission-monarch.org\/wordpress\/fr\/wp-json\/wp\/v2\/pages"}],"about":[{"href":"https:\/\/mission-monarch.org\/wordpress\/fr\/wp-json\/wp\/v2\/types\/page"}],"author":[{"embeddable":true,"href":"https:\/\/mission-monarch.org\/wordpress\/fr\/wp-json\/wp\/v2\/users\/1"}],"replies":[{"embeddable":true,"href":"https:\/\/mission-monarch.org\/wordpress\/fr\/wp-json\/wp\/v2\/comments?post=3414"}],"version-history":[{"count":53,"href":"https:\/\/mission-monarch.org\/wordpress\/fr\/wp-json\/wp\/v2\/pages\/3414\/revisions"}],"predecessor-version":[{"id":4663,"href":"https:\/\/mission-monarch.org\/wordpress\/fr\/wp-json\/wp\/v2\/pages\/3414\/revisions\/4663"}],"wp:attachment":[{"href":"https:\/\/mission-monarch.org\/wordpress\/fr\/wp-json\/wp\/v2\/media?parent=3414"}],"curies":[{"name":"wp","href":"https:\/\/api.w.org\/{rel}","templated":true}]}}