{"id":3572,"date":"2019-02-22T21:34:20","date_gmt":"2019-02-22T21:34:20","guid":{"rendered":"http:\/\/www.mission-monarch.org\/?page_id=3572"},"modified":"2025-07-25T16:24:10","modified_gmt":"2025-07-25T16:24:10","slug":"what-is-a-mission","status":"publish","type":"page","link":"https:\/\/mission-monarch.org\/wordpress\/fr\/what-is-a-mission\/","title":{"rendered":"Qu&#8217;est-ce qu&#8217;une mission?"},"content":{"rendered":"<p><img loading=\"lazy\" class=\"alignleft\" src=\"\/wordpress\/wp-content\/uploads\/2025\/07\/what-is-a-mission_0.png\" width=\"322\" height=\"282\" \/>Pour faire une mission et participer \u00e0 <em>Mission monarque<\/em>, c\u2019est simple! Au cours de l&#8217;\u00e9t\u00e9, vous pouvez faire autant de missions que vous le d\u00e9sirez. Ce peut \u00eatre en ville comme en campagne; l&#8217;important, c&#8217;est qu&#8217;il y ait de l&#8217;ascl\u00e9piade. Bien que les participants soient encourag\u00e9s \u00e0 aller dans diff\u00e9rents endroits, un m\u00eame site peut \u00eatre \u00e9tudi\u00e9 une fois par mois. Il suffit de suivre les \u00e9tapes suivantes :<\/p>\n<p>&nbsp;<\/p>\n<p>&nbsp;<\/p>\n<p style=\"font-size: 1.6em; cursor: pointer;\"><a class=\"step\" href=\"\/fr\/content\/steps\/get-ready\/milkweed-identification\/\"><img title=\"\" src=\"\/wp-content\/uploads\/2017\/04\/1.png\" alt=\"Premi\u00e8re \u00e9tape\" \/>\u00a0Trouvez de l\u2019ascl\u00e9piade<\/a><\/p>\n<div style=\"margin-left: 75px;\">Allez dehors et cherchez de l\u2019ascl\u00e9piade. Ce peut \u00eatre de l&#8217;ascl\u00e9piade sauvage comme cultiv\u00e9e. Pour apprendre \u00e0 reconna\u00eetre l\u2019ascl\u00e9piade et savoir o\u00f9 la trouver, cliquez <a href=\"\/fr\/content\/steps\/get-ready\/milkweed-identification\/\">ici<\/a>.<\/div>\n<p><img loading=\"lazy\" class=\"wp-image-4857 alignnone\" style=\"margin-left: var(--global--spacing-horizontal);\" src=\"http:\/\/www.mission-monarch.org\/wordpress\/wp-content\/uploads\/2024\/06\/find-some-milkweed-300x300.png\" alt=\"\" width=\"609\" height=\"609\" srcset=\"https:\/\/mission-monarch.org\/wordpress\/wp-content\/uploads\/2024\/06\/find-some-milkweed-300x300.png 300w, https:\/\/mission-monarch.org\/wordpress\/wp-content\/uploads\/2024\/06\/find-some-milkweed-150x150.png 150w, https:\/\/mission-monarch.org\/wordpress\/wp-content\/uploads\/2024\/06\/find-some-milkweed.png 620w\" sizes=\"(max-width: 609px) 100vw, 609px\" \/><\/p>\n<p style=\"font-size: 1.6em; cursor: pointer;\"><a class=\"step\" href=\"\/fr\/content\/steps\/get-ready\/monarch-identification\/\"><img title=\"\" src=\"\/wp-content\/uploads\/2017\/04\/2.png\" alt=\"Deuxi\u00e8me \u00e9tape\" \/> V\u00e9rifiez la pr\u00e9sence de monarques<\/a><\/p>\n<div style=\"margin-left: 75px;\">Examinez attentivement les ascl\u00e9piades \u00e0 la recherche de chenilles de monarques. Elles peuvent \u00eatre sur ou sous les feuilles, dans les fleurs et sur les fruits. Il faut donc regarder partout! Pour apprendre \u00e0 identifier le monarque a ses diff\u00e9rents stades, cliquez <a href=\"\/fr\/content\/steps\/get-ready\/monarch-identification\/\">ici<\/a>.<\/div>\n<p><img loading=\"lazy\" class=\"\" src=\"\/wordpress\/wp-content\/uploads\/2025\/07\/what-is-a-mission_4.png\" width=\"573\" height=\"415\" \/><br \/><img loading=\"lazy\" class=\"\" src=\"\/wordpress\/wp-content\/uploads\/2025\/07\/what-is-a-mission_6.png\" width=\"580\" height=\"402\" \/><br \/><img loading=\"lazy\" class=\"\" style=\"color: var(--global--color-primary); font-family: var(--global--font-secondary); font-size: var(--global--font-size-base);\" src=\"\/wordpress\/wp-content\/uploads\/2025\/07\/what-is-a-mission_5.png\" width=\"540\" height=\"575\" \/><br \/><img loading=\"lazy\" class=\"\" src=\"\/wordpress\/wp-content\/uploads\/2025\/07\/what-is-a-mission_7.png\" width=\"580\" height=\"522\" \/><\/p>\n<p style=\"font-size: 1.6em; cursor: pointer;\"><a class=\"step\" href=\"\/wordpress\/wp-content\/uploads\/2023\/03\/Formulation-dobservation-terrain-2023.pdf\" target=\"_blank\" rel=\"noopener\"><img title=\"\" src=\"\/wp-content\/uploads\/2017\/04\/3.png\" alt=\"Troisi\u00e8me \u00e9tape\" \/> Notez vos observations<\/a><\/p>\n<div style=\"margin-left: 75px;\"><img loading=\"lazy\" class=\"alignleft\" style=\"margin-right: var(--global--spacing-horizontal);\" src=\"\/wordpress\/wp-content\/uploads\/2025\/07\/what-is-a-mission_1.png\" width=\"330\" height=\"357\" \/>Pour compiler vos observations, vous pouvez utiliser le <a href=\"\/wordpress\/wp-content\/uploads\/2023\/03\/Formulation-dobservation-terrain-2023.pdf\" target=\"_blank\" rel=\"noopener\">formulaire d&#8217;observations sur le terrain<\/a>. Notez le nombre de tiges d\u2019ascl\u00e9piades que vous avez examin\u00e9. Ce peut \u00eatre une seule, comme ce peut \u00eatre une centaine; \u00e0 votre guise! Notez aussi le nombre d\u2019oeufs et de chenilles que vous trouvez. M\u00eame si vous n\u2019en trouvez aucune, \u00e7a vaut la peine de le rapporter. Si vous voyez des chrysalides ou bien des papillons, vous pouvez les noter \u00e0 part. Pour apprendre \u00e0 identifier le monarque a ses diff\u00e9rents stades, cliquez <a href=\"\/fr\/content\/steps\/get-ready\/monarch-identification\/\">ici<\/a>.<\/div>\n<p>&nbsp;<\/p>\n<p>&nbsp;<\/p>\n<p style=\"font-size: 1.6em; cursor: pointer;\"><a class=\"step\" href=\"\/mmapp\/fr\/users\/signin\"><img title=\"\" src=\"\/wp-content\/uploads\/2017\/04\/4.png\" alt=\"Quatri\u00e8me \u00e9tape\" \/> Cr\u00e9ez un compte et soumettez vos donn\u00e9es<\/a><\/p>\n<div style=\"margin-left: 75px;\">Si vous n\u2019avez pas d\u00e9j\u00e0 de compte, remplissez le <a href=\"\/mmapp\/fr\/users\/signup\">formulaire d\u2019inscription<\/a> pour en cr\u00e9er un. Vous pouvez soumettre vos observations directement sur le terrain ou de retour \u00e0 la maison, \u00e0 partir d\u2019un t\u00e9l\u00e9phone intelligent, une tablette ou un ordinateur de bureau, via <a href=\"\/mmapp\/fr\/submit\/submit-data\">ce formulaire<\/a>. Notez que vous devez \u00eatre connect\u00e9 pour proc\u00e9der.<\/div>\n<p><\/p>","protected":false},"excerpt":{"rendered":"<p>Pour faire une mission et participer \u00e0 Mission monarque, c\u2019est simple! Au cours de l&#8217;\u00e9t\u00e9, vous pouvez faire autant de missions que vous le d\u00e9sirez. Ce peut \u00eatre en ville comme en campagne; l&#8217;important, c&#8217;est qu&#8217;il y ait de l&#8217;ascl\u00e9piade. Bien que les participants soient encourag\u00e9s \u00e0 aller dans diff\u00e9rents endroits, un m\u00eame site peut&hellip; <a class=\"more-link\" href=\"https:\/\/mission-monarch.org\/wordpress\/fr\/what-is-a-mission\/\">Continue reading <span class=\"screen-reader-text\">Qu&#8217;est-ce qu&#8217;une mission?<\/span><\/a><\/p>\n","protected":false},"author":1,"featured_media":0,"parent":0,"menu_order":0,"comment_status":"closed","ping_status":"closed","template":"","meta":[],"_links":{"self":[{"href":"https:\/\/mission-monarch.org\/wordpress\/fr\/wp-json\/wp\/v2\/pages\/3572"}],"collection":[{"href":"https:\/\/mission-monarch.org\/wordpress\/fr\/wp-json\/wp\/v2\/pages"}],"about":[{"href":"https:\/\/mission-monarch.org\/wordpress\/fr\/wp-json\/wp\/v2\/types\/page"}],"author":[{"embeddable":true,"href":"https:\/\/mission-monarch.org\/wordpress\/fr\/wp-json\/wp\/v2\/users\/1"}],"replies":[{"embeddable":true,"href":"https:\/\/mission-monarch.org\/wordpress\/fr\/wp-json\/wp\/v2\/comments?post=3572"}],"version-history":[{"count":64,"href":"https:\/\/mission-monarch.org\/wordpress\/fr\/wp-json\/wp\/v2\/pages\/3572\/revisions"}],"predecessor-version":[{"id":5089,"href":"https:\/\/mission-monarch.org\/wordpress\/fr\/wp-json\/wp\/v2\/pages\/3572\/revisions\/5089"}],"wp:attachment":[{"href":"https:\/\/mission-monarch.org\/wordpress\/fr\/wp-json\/wp\/v2\/media?parent=3572"}],"curies":[{"name":"wp","href":"https:\/\/api.w.org\/{rel}","templated":true}]}}