{"id":3680,"date":"2019-03-08T17:21:32","date_gmt":"2019-03-08T17:21:32","guid":{"rendered":"http:\/\/www.mission-monarch.org\/?page_id=3680"},"modified":"2023-03-29T19:20:19","modified_gmt":"2023-03-29T19:20:19","slug":"mission-kit","status":"publish","type":"page","link":"https:\/\/mission-monarch.org\/wordpress\/fr\/mission-kit\/","title":{"rendered":"Trousse de mission"},"content":{"rendered":"<p><figure id=\"attachment_2980\" aria-describedby=\"caption-attachment-2980\" style=\"width: 225px\" class=\"wp-caption alignright\"><img loading=\"lazy\" class=\"wp-image-2980 size-medium\" src=\"http:\/\/www.mission-monarch.org\/wp-content\/uploads\/2017\/08\/20945530_10155330290847928_1955568784_o-225x300.jpg\" alt=\"\" width=\"225\" height=\"300\" srcset=\"https:\/\/mission-monarch.org\/wordpress\/wp-content\/uploads\/2017\/08\/20945530_10155330290847928_1955568784_o-225x300.jpg 225w, https:\/\/mission-monarch.org\/wordpress\/wp-content\/uploads\/2017\/08\/20945530_10155330290847928_1955568784_o-768x1024.jpg 768w, https:\/\/mission-monarch.org\/wordpress\/wp-content\/uploads\/2017\/08\/20945530_10155330290847928_1955568784_o.jpg 852w\" sizes=\"(max-width: 225px) 100vw, 225px\" \/><figcaption id=\"caption-attachment-2980\" class=\"wp-caption-text\">Employ\u00e9s de Parcs Canada pendant une mission dans le parc national des \u00celes-de-la-Baie-Georgienne. Photo: Daphn\u00e9 Laurier-Montpetit<\/figcaption><\/figure><\/p>\n<p>Voici une liste de tout le mat\u00e9riel susceptible d&#8217;\u00eatre utilis\u00e9 lors d&#8217;une mission.<\/p>\n<ol>\n<li><a href=\"\/wordpress\/wp-content\/uploads\/2023\/03\/Formulation-dobservation-terrain-2023.pdf\" target=\"_blank\" rel=\"noopener noreferrer\">Formulaire d&#8217;observation sur le terrain<\/a><\/li>\n<li><a href=\"\/wordpress\/wp-content\/uploads\/2023\/03\/Fiches_Monarque_2022.pdf\" target=\"_blank\" rel=\"noopener noreferrer\">Fiche\u00a0d&#8217;identification du monarque<\/a><\/li>\n<li><a href=\"\/wordpress\/wp-content\/uploads\/2023\/03\/Fiche-didentification-des-especes-dasclepiade-2023.pdf\" target=\"_blank\" rel=\"noopener noreferrer\">Fiche\u00a0d&#8217;identification des esp\u00e8ces d&#8217;ascl\u00e9piade<\/a><\/li>\n<li><a href=\"\/wordpress\/wp-content\/uploads\/2023\/03\/Fiche_A-ne-pas-confondre_2022.pdf\" target=\"_blank\" rel=\"noopener noreferrer\">Fiche d\u2019identification des esp\u00e8ces \u00e0 ne pas confondre avec le monarque<\/a><\/li>\n<li><a href=\"\/wordpress\/wp-content\/uploads\/2023\/03\/Fiche_Communaute-de-lasclepiade_2022.pdf\" target=\"_blank\" rel=\"noopener noreferrer\">Fiche d\u2019identification des autres esp\u00e8ces vivant sur l\u2019ascl\u00e9piade<\/a><\/li>\n<\/ol>\n<p>T\u00e9l\u00e9charger l&#8217;ensemble de<a href=\"\/wordpress\/wp-content\/uploads\/2023\/03\/Trousse_de_mission_2023.zip\"> la trousse de mission<\/a>!<\/p>","protected":false},"excerpt":{"rendered":"<p>Voici une liste de tout le mat\u00e9riel susceptible d&#8217;\u00eatre utilis\u00e9 lors d&#8217;une mission. Formulaire d&#8217;observation sur le terrain Fiche\u00a0d&#8217;identification du monarque Fiche\u00a0d&#8217;identification des esp\u00e8ces d&#8217;ascl\u00e9piade Fiche d\u2019identification des esp\u00e8ces \u00e0 ne pas confondre avec le monarque Fiche d\u2019identification des autres esp\u00e8ces vivant sur l\u2019ascl\u00e9piade T\u00e9l\u00e9charger l&#8217;ensemble de la trousse de mission!<\/p>\n","protected":false},"author":4,"featured_media":0,"parent":0,"menu_order":0,"comment_status":"closed","ping_status":"closed","template":"","meta":[],"_links":{"self":[{"href":"https:\/\/mission-monarch.org\/wordpress\/fr\/wp-json\/wp\/v2\/pages\/3680"}],"collection":[{"href":"https:\/\/mission-monarch.org\/wordpress\/fr\/wp-json\/wp\/v2\/pages"}],"about":[{"href":"https:\/\/mission-monarch.org\/wordpress\/fr\/wp-json\/wp\/v2\/types\/page"}],"author":[{"embeddable":true,"href":"https:\/\/mission-monarch.org\/wordpress\/fr\/wp-json\/wp\/v2\/users\/4"}],"replies":[{"embeddable":true,"href":"https:\/\/mission-monarch.org\/wordpress\/fr\/wp-json\/wp\/v2\/comments?post=3680"}],"version-history":[{"count":24,"href":"https:\/\/mission-monarch.org\/wordpress\/fr\/wp-json\/wp\/v2\/pages\/3680\/revisions"}],"predecessor-version":[{"id":4660,"href":"https:\/\/mission-monarch.org\/wordpress\/fr\/wp-json\/wp\/v2\/pages\/3680\/revisions\/4660"}],"wp:attachment":[{"href":"https:\/\/mission-monarch.org\/wordpress\/fr\/wp-json\/wp\/v2\/media?parent=3680"}],"curies":[{"name":"wp","href":"https:\/\/api.w.org\/{rel}","templated":true}]}}