{"id":45,"date":"2016-03-16T05:06:17","date_gmt":"2016-03-16T05:06:17","guid":{"rendered":"http:\/\/monarch.huasambo.com\/?page_id=45"},"modified":"2021-06-16T20:45:14","modified_gmt":"2021-06-16T20:45:14","slug":"monarchs-biology","status":"publish","type":"page","link":"https:\/\/mission-monarch.org\/wordpress\/fr\/monarchs-biology\/","title":{"rendered":"La biologie du monarque"},"content":{"rendered":"<p><\/p>\n<div class=\"col-xs-12\">\n<h3>Description<\/h3>\n<hr \/>\n<\/div>\n<p><img loading=\"lazy\" class=\"alignleft size-medium wp-image-781\" src=\"http:\/\/monarch.huasambo.com\/monarchmission\/wp-content\/uploads\/2016\/05\/40326ASARRAZIN_Fotor-1-300x197.jpg\" alt=\"40326ASARRAZIN_Fotor\" width=\"300\" height=\"197\" srcset=\"https:\/\/mission-monarch.org\/wordpress\/wp-content\/uploads\/2016\/05\/40326ASARRAZIN_Fotor-1-300x197.jpg 300w, https:\/\/mission-monarch.org\/wordpress\/wp-content\/uploads\/2016\/05\/40326ASARRAZIN_Fotor-1-768x503.jpg 768w, https:\/\/mission-monarch.org\/wordpress\/wp-content\/uploads\/2016\/05\/40326ASARRAZIN_Fotor-1-1024x671.jpg 1024w\" sizes=\"(max-width: 300px) 100vw, 300px\" \/><\/p>\n<p>Le monarque, ou <em>Danaus plexippus<\/em>, est facilement reconnaissable par ses ailes orang\u00e9es aux nervures noires et aux bordures tachet\u00e9es de blanc. D\u2019une envergure allant de 93 \u00e0 105 mm, il compte parmi les plus grands papillons diurnes du Canada.<\/p>\n<p>La chenille du monarque, quant \u00e0 elle, est ray\u00e9e d\u2019\u00e9clatantes bandes blanches, noires et jaunes, et porte des filaments noirs aux extr\u00e9mit\u00e9s.<\/p>\n<p>La chenille comme l\u2019adulte pr\u00e9sentent des couleurs tr\u00e8s vives. On pourrait croire qu\u2019\u00eatre aussi voyant pose un risque pour leur survie, mais en fait, c\u2019est le contraire. Les couleurs \u00e9clatantes du monarque annoncent sa toxicit\u00e9. C\u2019est ce qu\u2019on appelle l\u2019apos\u00e9matisme.<\/p>\n<p><img loading=\"lazy\" class=\"size-medium wp-image-940 alignright\" src=\"http:\/\/monarch.huasambo.com\/monarchmission\/wp-content\/uploads\/2016\/05\/41697-1ASARRAZIN_Fotor-300x191.jpg\" alt=\"41697-1ASARRAZIN_Fotor\" width=\"300\" height=\"191\" \/><br \/>\nL\u2019ascl\u00e9piade, dont se nourrit la chenille, contient dans ses tissus des card\u00e9nolides, substances chimiques servant de moyen de d\u00e9fense \u00e0 la plante. Plus la chenille en consomme, plus elle devient toxique et augmente son effet nocif sur ses pr\u00e9dateurs.<\/p>\n<p>Les oiseaux et les petits mammif\u00e8res sont particuli\u00e8rement sensibles \u00e0 ces toxines. Un oiseau qui mange un monarque, par exemple, sentira son rythme cardiaque s\u2019acc\u00e9l\u00e9rer et souffrira de naus\u00e9es, de vomissements ou de diarrh\u00e9es. Il n\u2019en mourra pas, mais l\u2019exp\u00e9rience sera bien assez d\u00e9sagr\u00e9able pour le dissuader de croquer un monarque \u00e0 nouveau\u2009! Voil\u00e0 donc un pr\u00e9dateur de moins pour les papillons orange et les chenilles \u00e9clatantes.<\/p>","protected":false},"excerpt":{"rendered":"<p>Description Le monarque, ou Danaus plexippus, est facilement reconnaissable par ses ailes orang\u00e9es aux nervures noires et aux bordures tachet\u00e9es de blanc. D\u2019une envergure allant de 93 \u00e0 105 mm, il compte parmi les plus grands papillons diurnes du Canada. La chenille du monarque, quant \u00e0 elle, est ray\u00e9e d\u2019\u00e9clatantes bandes blanches, noires et jaunes,&hellip; <a class=\"more-link\" href=\"https:\/\/mission-monarch.org\/wordpress\/fr\/monarchs-biology\/\">Continue reading <span class=\"screen-reader-text\">La biologie du monarque<\/span><\/a><\/p>\n","protected":false},"author":1,"featured_media":0,"parent":0,"menu_order":0,"comment_status":"closed","ping_status":"closed","template":"","meta":[],"_links":{"self":[{"href":"https:\/\/mission-monarch.org\/wordpress\/fr\/wp-json\/wp\/v2\/pages\/45"}],"collection":[{"href":"https:\/\/mission-monarch.org\/wordpress\/fr\/wp-json\/wp\/v2\/pages"}],"about":[{"href":"https:\/\/mission-monarch.org\/wordpress\/fr\/wp-json\/wp\/v2\/types\/page"}],"author":[{"embeddable":true,"href":"https:\/\/mission-monarch.org\/wordpress\/fr\/wp-json\/wp\/v2\/users\/1"}],"replies":[{"embeddable":true,"href":"https:\/\/mission-monarch.org\/wordpress\/fr\/wp-json\/wp\/v2\/comments?post=45"}],"version-history":[{"count":28,"href":"https:\/\/mission-monarch.org\/wordpress\/fr\/wp-json\/wp\/v2\/pages\/45\/revisions"}],"predecessor-version":[{"id":4744,"href":"https:\/\/mission-monarch.org\/wordpress\/fr\/wp-json\/wp\/v2\/pages\/45\/revisions\/4744"}],"wp:attachment":[{"href":"https:\/\/mission-monarch.org\/wordpress\/fr\/wp-json\/wp\/v2\/media?parent=45"}],"curies":[{"name":"wp","href":"https:\/\/api.w.org\/{rel}","templated":true}]}}