{"id":47,"date":"2016-03-16T05:06:34","date_gmt":"2016-03-16T05:06:34","guid":{"rendered":"http:\/\/monarch.huasambo.com\/?page_id=47"},"modified":"2023-02-16T22:19:46","modified_gmt":"2023-02-16T22:19:46","slug":"the-research-project","status":"publish","type":"page","link":"https:\/\/mission-monarch.org\/wordpress\/fr\/the-research-project\/","title":{"rendered":"Qu&#8217;est-ce que Mission monarque?"},"content":{"rendered":"<p><\/p>\n<div class=\"row\">\n<div class=\"col-xs-12 col-sm-7\">\n<p><em>Mission monarque<\/em> un programme de science participative visant \u00e0 r\u00e9colter des donn\u00e9es sur la r\u00e9partition et l&#8217;abondance du monarque et de l&#8217;ascl\u00e9piade. Ces connaissances permettront d&#8217;identifier les habitats essentiels de reproduction du monarque et ainsi de mettre en place des mesures de conservation efficaces. Pour participer, il suffit de <a href=\"\/fr\/content\/steps\/get-ready\/milkweed-identification\/\" target=\"_blank\" rel=\"noopener noreferrer\">trouver des ascl\u00e9piades<\/a>, v\u00e9rifier la pr\u00e9sence de <a href=\"\/fr\/content\/steps\/get-ready\/monarch-identification\/\" target=\"_blank\" rel=\"noopener noreferrer\">chenilles de monarque<\/a> et <a href=\"\/mmapp\/fr\/submit\/submit-data\/\" target=\"_blank\" rel=\"noopener noreferrer\">partager ses observations<\/a>.<\/p>\n<p>Le programme est une initiative conjointe de l\u2019<a href=\"http:\/\/espacepourlavie.ca\/insectarium\" target=\"_blank\" rel=\"noopener noreferrer\">Insectarium de Montr\u00e9al \u2013 Espace pour la vie<\/a> et de l\u2019Institut de recherche\u00a0en biologie v\u00e9g\u00e9tale qui s&#8217;inscrit dans un effort international de recherche et d&#8217;\u00e9ducation ayant pour objectif la sauvegarde des populations migratoires de cette esp\u00e8ce menac\u00e9e.<\/p>\n<\/div>\n<div class=\"col-xs-12 col-sm-4 text-center\">\n<p><img class=\"img-responsive col-xs-8\" style=\"padding: 0 0 30px; float: left;\" src=\"\/wp-content\/uploads\/2019\/03\/logo-mm_fr_couleur_typo.png\" alt=\"Mission monarque\" width=\"200\" \/><\/p>\n<\/div>\n<\/div>\n<p><\/p>","protected":false},"excerpt":{"rendered":"<p>Mission monarque un programme de science participative visant \u00e0 r\u00e9colter des donn\u00e9es sur la r\u00e9partition et l&#8217;abondance du monarque et de l&#8217;ascl\u00e9piade. Ces connaissances permettront d&#8217;identifier les habitats essentiels de reproduction du monarque et ainsi de mettre en place des mesures de conservation efficaces. Pour participer, il suffit de trouver des ascl\u00e9piades, v\u00e9rifier la pr\u00e9sence&hellip; <a class=\"more-link\" href=\"https:\/\/mission-monarch.org\/wordpress\/fr\/the-research-project\/\">Continue reading <span class=\"screen-reader-text\">Qu&#8217;est-ce que Mission monarque?<\/span><\/a><\/p>\n","protected":false},"author":1,"featured_media":0,"parent":0,"menu_order":0,"comment_status":"closed","ping_status":"closed","template":"","meta":[],"_links":{"self":[{"href":"https:\/\/mission-monarch.org\/wordpress\/fr\/wp-json\/wp\/v2\/pages\/47"}],"collection":[{"href":"https:\/\/mission-monarch.org\/wordpress\/fr\/wp-json\/wp\/v2\/pages"}],"about":[{"href":"https:\/\/mission-monarch.org\/wordpress\/fr\/wp-json\/wp\/v2\/types\/page"}],"author":[{"embeddable":true,"href":"https:\/\/mission-monarch.org\/wordpress\/fr\/wp-json\/wp\/v2\/users\/1"}],"replies":[{"embeddable":true,"href":"https:\/\/mission-monarch.org\/wordpress\/fr\/wp-json\/wp\/v2\/comments?post=47"}],"version-history":[{"count":70,"href":"https:\/\/mission-monarch.org\/wordpress\/fr\/wp-json\/wp\/v2\/pages\/47\/revisions"}],"predecessor-version":[{"id":4573,"href":"https:\/\/mission-monarch.org\/wordpress\/fr\/wp-json\/wp\/v2\/pages\/47\/revisions\/4573"}],"wp:attachment":[{"href":"https:\/\/mission-monarch.org\/wordpress\/fr\/wp-json\/wp\/v2\/media?parent=47"}],"curies":[{"name":"wp","href":"https:\/\/api.w.org\/{rel}","templated":true}]}}