{"id":51,"date":"2016-03-16T05:06:57","date_gmt":"2016-03-16T05:06:57","guid":{"rendered":"http:\/\/monarch.huasambo.com\/?page_id=51"},"modified":"2024-02-13T16:28:48","modified_gmt":"2024-02-13T16:28:48","slug":"partners","status":"publish","type":"page","link":"https:\/\/mission-monarch.org\/wordpress\/fr\/partners\/","title":{"rendered":"Partenaires"},"content":{"rendered":"<p>Ce projet a \u00e9t\u00e9 r\u00e9alis\u00e9 avec l&#8217;appui financier du Gouvernement du Canada, \u00e0 travers le Programme d&#8217;intendance de l&#8217;habitat. <em>Mission monarque<\/em> profite aussi de l&#8217;appui du programme Nation monarque. La Fondation David Suzuki m\u00e8ne aussi des actions pour la conservation du monarque et vous invite \u00e0 <a href=\"https:\/\/fr.davidsuzuki.org\/action\/manifeste-monarque\/\">signer le Manifeste Monarque<\/a> pour t\u00e9moigner de votre implication.<\/p>\n<p>&nbsp;<\/p>\n<div class=\"clearfix\"><\/div>\n<div class=\"col-xs-12 col-sm-10\">\n<p><a href=\"https:\/\/www.canada.ca\/fr.html\" target=\"_blank\" rel=\"noopener noreferrer\"><img loading=\"lazy\" class=\"img-responsive col-xs-8 col-sm-4 text-xs-center alignnone\" src=\"\/wp-content\/uploads\/2016\/06\/gouv_canada-300x76.jpg\" alt=\"Environnement Canada\" width=\"300\" height=\"76\" \/><\/a><img loading=\"lazy\" class=\"size-medium wp-image-4830 alignright\" style=\"background-color: var(--global--color-background); color: var(--global--color-primary); font-family: var(--global--font-secondary); font-size: var(--global--font-size-base);\" src=\"http:\/\/www.mission-monarch.org\/wordpress\/wp-content\/uploads\/2024\/02\/VCE-logo-2018-email-1-300x72.png\" alt=\"\" width=\"300\" height=\"72\" srcset=\"https:\/\/mission-monarch.org\/wordpress\/wp-content\/uploads\/2024\/02\/VCE-logo-2018-email-1-300x72.png 300w, https:\/\/mission-monarch.org\/wordpress\/wp-content\/uploads\/2024\/02\/VCE-logo-2018-email-1.png 644w\" sizes=\"(max-width: 300px) 100vw, 300px\" \/><\/p>\n<\/div>\n<div class=\"clearfix\"><img loading=\"lazy\" class=\"alignnone size-medium wp-image-4835\" src=\"http:\/\/www.mission-monarch.org\/wordpress\/wp-content\/uploads\/2024\/02\/NatureNB_Logo_50-1-300x188.png\" alt=\"\" width=\"300\" height=\"188\" srcset=\"https:\/\/mission-monarch.org\/wordpress\/wp-content\/uploads\/2024\/02\/NatureNB_Logo_50-1-300x188.png 300w, https:\/\/mission-monarch.org\/wordpress\/wp-content\/uploads\/2024\/02\/NatureNB_Logo_50-1-1024x640.png 1024w, https:\/\/mission-monarch.org\/wordpress\/wp-content\/uploads\/2024\/02\/NatureNB_Logo_50-1-768x480.png 768w, https:\/\/mission-monarch.org\/wordpress\/wp-content\/uploads\/2024\/02\/NatureNB_Logo_50-1.png 1200w\" sizes=\"(max-width: 300px) 100vw, 300px\" \/><a href=\"http:\/\/effetpapillon.davidsuzuki.org\/\" target=\"_blank\" rel=\"noopener noreferrer\"><img loading=\"lazy\" class=\"alignright\" src=\"\/wp-content\/uploads\/2017\/06\/logo_effetPapillons-300x74.png\" alt=\"Effet papillon\" width=\"300\" height=\"74\" \/><\/a><\/div>\n<div class=\"col-xs-12 col-sm-12\">\n<hr \/>\n<\/div>\n<p><\/p>","protected":false},"excerpt":{"rendered":"<p>Ce projet a \u00e9t\u00e9 r\u00e9alis\u00e9 avec l&#8217;appui financier du Gouvernement du Canada, \u00e0 travers le Programme d&#8217;intendance de l&#8217;habitat. Mission monarque profite aussi de l&#8217;appui du programme Nation monarque. La Fondation David Suzuki m\u00e8ne aussi des actions pour la conservation du monarque et vous invite \u00e0 signer le Manifeste Monarque pour t\u00e9moigner de votre implication.&hellip; <a class=\"more-link\" href=\"https:\/\/mission-monarch.org\/wordpress\/fr\/partners\/\">Continue reading <span class=\"screen-reader-text\">Partenaires<\/span><\/a><\/p>\n","protected":false},"author":1,"featured_media":0,"parent":0,"menu_order":0,"comment_status":"closed","ping_status":"closed","template":"","meta":[],"_links":{"self":[{"href":"https:\/\/mission-monarch.org\/wordpress\/fr\/wp-json\/wp\/v2\/pages\/51"}],"collection":[{"href":"https:\/\/mission-monarch.org\/wordpress\/fr\/wp-json\/wp\/v2\/pages"}],"about":[{"href":"https:\/\/mission-monarch.org\/wordpress\/fr\/wp-json\/wp\/v2\/types\/page"}],"author":[{"embeddable":true,"href":"https:\/\/mission-monarch.org\/wordpress\/fr\/wp-json\/wp\/v2\/users\/1"}],"replies":[{"embeddable":true,"href":"https:\/\/mission-monarch.org\/wordpress\/fr\/wp-json\/wp\/v2\/comments?post=51"}],"version-history":[{"count":140,"href":"https:\/\/mission-monarch.org\/wordpress\/fr\/wp-json\/wp\/v2\/pages\/51\/revisions"}],"predecessor-version":[{"id":4840,"href":"https:\/\/mission-monarch.org\/wordpress\/fr\/wp-json\/wp\/v2\/pages\/51\/revisions\/4840"}],"wp:attachment":[{"href":"https:\/\/mission-monarch.org\/wordpress\/fr\/wp-json\/wp\/v2\/media?parent=51"}],"curies":[{"name":"wp","href":"https:\/\/api.w.org\/{rel}","templated":true}]}}