{"id":58,"date":"2016-03-16T05:07:40","date_gmt":"2016-03-16T05:07:40","guid":{"rendered":"http:\/\/monarch.huasambo.com\/?page_id=58"},"modified":"2023-03-13T14:35:13","modified_gmt":"2023-03-13T14:35:13","slug":"faq","status":"publish","type":"page","link":"https:\/\/mission-monarch.org\/wordpress\/fr\/faq\/","title":{"rendered":"Questions\/R\u00e9ponses"},"content":{"rendered":"<p><\/p>\n<div class=\"row\">\n<div class=\"col-xs-12 col-sm-4\">\n<h2>Le programme<\/h2>\n<p><a href=\"#q1\">Qu\u2019est-ce que <em>Mission monarque<\/em>\u00a0?<\/a><\/p>\n<p><a href=\"#q2\">Qui chapeaute <em>Mission monarque<\/em>\u00a0?<\/a><\/p>\n<p><a href=\"#q3\">Qui peut participer \u00e0 <em>Mission monarque<\/em>\u00a0? Est-ce adapt\u00e9 pour les familles\u00a0?<\/a><\/p>\n<p><a href=\"#q4\">Pourquoi participer \u00e0 <em>Mission monarque<\/em> ?<\/a><\/p>\n<h2>Avant de commencer<\/h2>\n<p><a href=\"#q5\">Comment puis-je participer \u00e0 <em>Mission monarque<\/em>\u00a0?<\/a><\/p>\n<p><a href=\"#q6\">Combien \u00e7a co\u00fbte\u00a0?<\/a><\/p>\n<p><a href=\"#q7\">Quelles sont les \u00e9tapes de <em>Mission monarque<\/em>\u00a0?<\/a><\/p>\n<p><a href=\"#q8\">\u00c0 quoi servent les donn\u00e9es recueillies par le projet <em>Mission monarque<\/em>\u00a0?<\/a><\/p>\n<p><a href=\"#q9\">O\u00f9 puis-je en apprendre plus sur le monarque\u00a0?<\/a><\/p>\n<\/div>\n<div class=\"col-xs-12 col-sm-4\">\n<h2>Sur le terrain<\/h2>\n<p><a href=\"#q10\">Quand doit-on commencer et terminer l\u2019observation\u00a0? \u00c0 quelle fr\u00e9quence doit-on se rendre sur le site\u00a0?<\/a><\/p>\n<p><a href=\"#q11\">Que faire s\u2019il pleut le jour de mon observation\u00a0?<\/a><\/p>\n<p><a href=\"#q12\">Que faire s\u2019il y a plus d\u2019une esp\u00e8ce d\u2019ascl\u00e9piades sur mon site\u00a0?<\/a><\/p>\n<p><a href=\"#q13\">Combien de plants d\u2019ascl\u00e9piades peut-on observer\u00a0?<\/a><\/p>\n<p><a href=\"#q14\">Y a-t-il une limite maximale du nombre d\u2019observations\/sorties\u00a0?<\/a><\/p>\n<p><a href=\"#q15\">Je ne trouve pas de monarques sur mon site. Que faire\u00a0?<\/a><\/p>\n<p><a href=\"#q16\">Que faire si mon site subit une tonte au cours de l\u2019\u00e9t\u00e9\u00a0?<\/a><\/p>\n<p><a href=\"#q17\">Comment d\u00e9limiter mon site\u00a0?<\/a><\/p>\n<p><a href=\"#q18\">Est-ce que mon site d\u2019inventaire peut \u00eatre mon jardin\u00a0?<\/a><\/p>\n<p><a href=\"#q19\">Quelles autres esp\u00e8ces d\u2019insectes se retrouvent sur l\u2019ascl\u00e9piade\u00a0?<\/a><\/p>\n<p><a href=\"#q20\">Que faire si je retrouve beaucoup d\u2019\u0153ufs, mais aucune chenille\u00a0?<\/a><\/p>\n<p><a href=\"#q21\">Comment diff\u00e9rencier les stades larvaires\u00a0?<\/a><\/p>\n<p><a href=\"#q22\">Est-ce que ce sont les m\u00eames monarques qui reviennent sur mon site chaque printemps\u00a0?<\/a><\/p>\n<p><a href=\"#q23\">Quels sont les \u00e9l\u00e9ments \u00e0 consid\u00e9rer pour ma s\u00e9curit\u00e9\u00a0?<\/a><\/p>\n<p><a href=\"#q24\">L&#8217;ascl\u00e9piade est-elle toxique\u00a0?<\/a><\/p>\n<\/div>\n<div class=\"col-xs-12 col-sm-4\">\n<h2>Soumission des donn\u00e9es<\/h2>\n<p><a href=\"#q25\">Comment les donn\u00e9es soumises sont-elles v\u00e9rifi\u00e9es\u00a0?<\/a><\/p>\n<p><a href=\"#q26\">Que faire si je me trompe en entrant les donn\u00e9es\u00a0?<\/a><\/p>\n<p><a href=\"#q27\">Que faire si je ne suis pas certain de l\u2019identification\u00a0? O\u00f9 puis-je trouver de l\u2019aide\u00a0?<\/a><\/p>\n<h2>Autres questions<\/h2>\n<p><a href=\"#q28\">Comment puis-je m\u2019impliquer\/aider <em>Mission monarque<\/em>\u00a0?<\/a><\/p>\n<\/div>\n<hr \/>\n<div class=\"clearfix\"><\/div>\n<\/div>\n<p>&nbsp;<\/p>\n<hr \/>\n<div class=\"col-xs-12 col-sm-8\">\n<h2>Le programme<\/h2>\n<p>&nbsp;<\/p>\n<h4><a name=\"q1\"><\/a>Qu\u2019est-ce que <em>Mission monarque<\/em>\u00a0?<\/h4>\n<p>&nbsp;<\/p>\n<p style=\"padding-left: 30px; text-align: left;\">C\u2019est un programme de science participative visant \u00e0 r\u00e9colter des donn\u00e9es afin d\u2019assister les chercheurs dans l\u2019\u00e9tude des habitats de reproduction du monarque au Canada. Ces connaissances permettront de cibler les actions concr\u00e8tes pour la protection du papillon. L\u2019activit\u00e9 consiste \u00e0 visiter des champs d\u2019ascl\u00e9piades, plusieurs fois dans l\u2019\u00e9t\u00e9, et \u00e0 examiner les plants \u00e0 la recherche d\u2019\u0153ufs et de chenilles de monarque. Les donn\u00e9es r\u00e9colt\u00e9es sont ensuite partag\u00e9es avec les chercheurs, via le site internet de <em>Mission monarque<\/em>.<\/p>\n<p>&nbsp;<\/p>\n<p>&nbsp;<\/p>\n<h4><a name=\"q2\"><\/a>Qui chapeaute <em>Mission monarque<\/em>\u00a0?<\/h4>\n<p>&nbsp;<\/p>\n<p style=\"padding-left: 30px; text-align: left;\">Le projet est une initiative conjointe de l\u2019<a href=\"http:\/\/espacepourlavie.ca\/insectarium\" target=\"_blank\" rel=\"noopener noreferrer\">Insectarium de Montr\u00e9al &#8211; Espace pour la vie<\/a> et de l\u2019<a href=\"http:\/\/www.irbv.umontreal.ca\/\" target=\"_blank\" rel=\"noopener noreferrer\">Institut de recherche\u00a0en biologie v\u00e9g\u00e9tale<\/a>. L\u2019\u00e9tude implique aussi des chercheurs de l&#8217;<a href=\"https:\/\/www.uottawa.ca\/fr\" target=\"_blank\" rel=\"noopener noreferrer\">Universit\u00e9 d\u2019Ottawa<\/a>, l&#8217;<a href=\"https:\/\/www.uqar.ca\/\" target=\"_blank\" rel=\"noopener noreferrer\">Universit\u00e9 de Rimouski <\/a>et l&#8217;<a href=\"https:\/\/www.ucalgary.ca\/\" target=\"_blank\" rel=\"noopener noreferrer\">Universit\u00e9 de Calgary<\/a>.<\/p>\n<p>&nbsp;<\/p>\n<p>&nbsp;<\/p>\n<h4><a name=\"q3\"><\/a>Qui peut participer \u00e0 <em>Mission monarque<\/em>\u00a0? Est-ce adapt\u00e9 pour les familles\u00a0?<\/h4>\n<p>&nbsp;<\/p>\n<p style=\"padding-left: 30px; text-align: left;\">Tout le monde\u00a0peut participer! Le protocole a \u00e9t\u00e9 cr\u00e9\u00e9 afin d\u2019\u00eatre facile \u00e0 r\u00e9aliser pour des gens de tous \u00e2ges et tous horizons.<\/p>\n<p>&nbsp;<\/p>\n<p>&nbsp;<\/p>\n<h4><a name=\"q4\"><\/a>Pourquoi participer \u00e0 <em>Mission monarque<\/em>\u00a0?<\/h4>\n<p>&nbsp;<\/p>\n<ul>\n<li style=\"text-align: left;\">Pour contribuer \u00e0 la sauvegarde des monarques migrateurs d\u2019Am\u00e9rique du Nord, maintenant d\u00e9sign\u00e9s \u00ab <a href=\"https:\/\/www.canada.ca\/fr\/environnement-changement-climatique\/services\/registre-public-especes-peril\/evaluations-rapports-situations-cosepac\/monarque-2016.html\" target=\"_blank\" rel=\"noopener noreferrer\">en voie de disparition<\/a> \u00bb\u00a0 par le COSEPAC (Comit\u00e9 sur la situation des esp\u00e8ces en p\u00e9ril au Canada) ;<\/li>\n<li style=\"text-align: left;\">Pour s\u2019impliquer dans la recherche scientifique sur le monarque et s\u2019immerger dans la science en exp\u00e9rimentant le travail des biologistes\u00a0;<\/li>\n<li style=\"text-align: left;\">Pour reprendre contact avec la nature, en d\u00e9couvrant une nouvelle activit\u00e9 \u00e0 r\u00e9aliser \u00e0 l\u2019ext\u00e9rieur\u00a0;<\/li>\n<li style=\"text-align: left;\">Pour partager des moments pr\u00e9cieux dans la nature, en famille ou entre amis\u00a0;<\/li>\n<li style=\"text-align: left;\">Pour le plaisir\u00a0!<\/li>\n<\/ul>\n<p>&nbsp;<\/p>\n<p>&nbsp;<\/p>\n<hr \/>\n<h2>Avant de commencer<\/h2>\n<p>&nbsp;<\/p>\n<h4><a name=\"q5\"><\/a>Comment puis-je participer \u00e0 <em>Mission monarque<\/em>\u00a0?<\/h4>\n<p>&nbsp;<\/p>\n<p style=\"padding-left: 30px; text-align: left;\">Il vous suffit de <a href=\"https:\/\/www.mission-monarch.org\/fr\/signup\/\">cr\u00e9er un compte<\/a> sur le site Internet, puis de vous pr\u00e9parer \u00e0 sortir sur le terrain pour r\u00e9aliser vos inventaires. Les explications d\u00e9taill\u00e9es sur la d\u00e9marche et le mat\u00e9riel \u00e0 utiliser se retrouvent sur le site web.<\/p>\n<p>&nbsp;<\/p>\n<p>&nbsp;<\/p>\n<h4><a name=\"q6\"><\/a>Combien \u00e7a co\u00fbte\u00a0?<\/h4>\n<p>&nbsp;<\/p>\n<p style=\"padding-left: 30px; text-align: left;\">La participation \u00e0 <em>Mission monarque<\/em> est gratuite.<\/p>\n<p>&nbsp;<\/p>\n<p>&nbsp;<\/p>\n<h4><a name=\"q7\"><\/a>Quelles sont les \u00e9tapes de <em>Mission monarque<\/em>\u00a0?<\/h4>\n<p>&nbsp;<\/p>\n<ol>\n<li style=\"text-align: left;\">Se pr\u00e9parer en lisant la documentation et les protocoles\u00a0;<\/li>\n<li style=\"text-align: left;\">Choisir un site d\u2019inventaire\u00a0;<\/li>\n<li style=\"text-align: left;\">D\u00e9crire le site d\u2019inventaire\u00a0;<\/li>\n<li style=\"text-align: left;\">Observer et d\u00e9nombrer les monarques, plusieurs fois durant l\u2019\u00e9t\u00e9\u00a0;<\/li>\n<li style=\"text-align: left;\">Soumettre sur le site Internet les donn\u00e9es r\u00e9colt\u00e9es.<\/li>\n<\/ol>\n<p>&nbsp;<\/p>\n<p>&nbsp;<\/p>\n<h4><a name=\"q8\"><\/a>\u00c0 quoi servent les donn\u00e9es recueillies par le projet <em>Mission monarque<\/em>\u00a0?<\/h4>\n<p>&nbsp;<\/p>\n<p style=\"padding-left: 30px; text-align: left;\">Les donn\u00e9es permettent de confirmer ou d\u2019infirmer la pr\u00e9sence de monarques sur les sites d\u2019observation. Mises ensemble, ces donn\u00e9es outillent les chercheurs qui travaillent \u00e0 d\u00e9terminer les meilleurs habitats de reproduction pour le monarque afin d\u2019\u00e9tablir un plan de conservation efficace pour le papillon.<\/p>\n<p>&nbsp;<\/p>\n<p>&nbsp;<\/p>\n<h4><a name=\"q9\"><\/a>O\u00f9 puis-je en apprendre plus sur le monarque\u00a0?<\/h4>\n<p>&nbsp;<\/p>\n<p style=\"padding-left: 30px; text-align: left;\">Consultez la section <em>Le monarque <\/em>pour acc\u00e9der \u00e0 une foule d\u2019information sur sa <a href=\"http:\/\/www.mission-monarch.org\/fr\/monarchs-biology\/Taxonomy\/\">biologie<\/a>, son <a href=\"http:\/\/www.mission-monarch.org\/fr\/monarchs-biology\/life-cycle\/\">cycle de vie<\/a>, sa <a href=\"http:\/\/www.mission-monarch.org\/fr\/monarchs-biology\/monarch-identification-annual-cycle\/\">migration <\/a>et les efforts de conservation qui lui sont consacr\u00e9s.<\/p>\n<p>&nbsp;<\/p>\n<\/div>\n<p>&nbsp;<\/p>\n<div class=\"col-xs-12 col-sm-8\">\n<hr \/>\n<h2>Sur le terrain<\/h2>\n<p>&nbsp;<\/p>\n<h4><a name=\"q10\"><\/a>Quand doit-on commencer et terminer l\u2019observation\u00a0? \u00c0 quelle fr\u00e9quence doit-on se rendre sur le site\u00a0?<\/h4>\n<p>&nbsp;<\/p>\n<p style=\"padding-left: 30px; text-align: left;\">Les monarques arrivent au Canada \u00e0 partir de juin, et les derniers papillons de la g\u00e9n\u00e9ration migratrice partent en septembre ou octobre. L\u2019id\u00e9al est de visiter un m\u00eame site une fois par semaine, le m\u00eame jour et \u00e0 la m\u00eame heure, de juin \u00e0 septembre. Plus les donn\u00e9es sont prises r\u00e9guli\u00e8rement, plus elles sont fiables\u00a0! Si vous en \u00eates capable, bravo\u00a0!<\/p>\n<p style=\"padding-left: 30px; text-align: left;\">S\u2019il vous est impossible d\u2019\u00eatre aussi constant, ne vous d\u00e9couragez pas pour autant : toute observation est valable\u00a0! Nous voulons savoir ce qui se passe sur votre site : si vous pouvez le visiter au moins quatre fois durant l\u2019\u00e9t\u00e9, nous en aurons une bonne id\u00e9e.<\/p>\n<p>&nbsp;<\/p>\n<p>&nbsp;<\/p>\n<h4><a name=\"q11\"><\/a>Que faire s\u2019il pleut le jour de mon observation\u00a0?<\/h4>\n<p>&nbsp;<\/p>\n<p style=\"padding-left: 30px; text-align: left;\">La pluie ne devrait pas vous emp\u00eacher de sortir sur le terrain, si vous en avez envie. Beau temps, mauvais temps, les chenilles seront l\u00e0\u00a0! S\u2019il pleut le jour de votre sortie, un imperm\u00e9able, des bottes de pluie et un grand sac de plastique (pour prot\u00e9ger vos feuilles de donn\u00e9es) vous faciliteront la vie. Notez que vous pouvez aussi remettre au lendemain votre sortie d\u2019observation si les conditions m\u00e9t\u00e9o ne sont pas favorables.<\/p>\n<p>&nbsp;<\/p>\n<p>&nbsp;<\/p>\n<h4><a name=\"q12\"><\/a>Que faire s\u2019il y a plus d\u2019une esp\u00e8ce d\u2019ascl\u00e9piade sur mon site\u00a0?<\/h4>\n<p>&nbsp;<\/p>\n<p style=\"padding-left: 30px; text-align: left;\">Utilisez une feuille de donn\u00e9es par esp\u00e8ce d\u2019ascl\u00e9piade pr\u00e9sente. Vous suivrez donc le m\u00eame protocole, mais en notant vos donn\u00e9es sur deux feuilles diff\u00e9rentes.<\/p>\n<p>&nbsp;<\/p>\n<p>&nbsp;<\/p>\n<h4><a name=\"q13\"><\/a>Combien de plants d\u2019ascl\u00e9piades peut-on observer\u00a0?<\/h4>\n<p>&nbsp;<\/p>\n<p style=\"padding-left: 30px; text-align: left;\">Il n\u2019y a pas de minimum ni de maximum.<br \/>\nSi vous \u00eates en mesure d\u2019examiner tous les plants d\u2019ascl\u00e9piades de votre site, faites-le. Ainsi, on conna\u00eetra pr\u00e9cis\u00e9ment l\u2019activit\u00e9 de votre site.<\/p>\n<p>&nbsp;<\/p>\n<p>&nbsp;<\/p>\n<h4><a name=\"q14\"><\/a>Y a-t-il une limite maximale du nombre d\u2019observations\/sorties\u00a0?<\/h4>\n<p>&nbsp;<\/p>\n<p style=\"padding-left: 30px; text-align: left;\">L\u2019id\u00e9al est de visiter un site une fois par semaine et d\u2019examiner jusqu\u2019\u00e0 80 plants d\u2019ascl\u00e9piades. Collecter plus de donn\u00e9es sur un site n\u2019apporterait pas plus d\u2019information pertinente. Si vous avez envie de poursuivre l\u2019exp\u00e9rience, choisissez plut\u00f4t un nouveau site \u00e0 \u00e9tudier, et reprenez les observations\u00a0!<\/p>\n<p>&nbsp;<\/p>\n<p>&nbsp;<\/p>\n<h4><a name=\"q15\"><\/a>Je ne trouve pas de monarques sur mon site. Que faire\u00a0?<\/h4>\n<p>&nbsp;<\/p>\n<p style=\"padding-left: 30px; text-align: left;\">Il est probable que vous obteniez principalement des \u00ab\u00a0z\u00e9ros\u00a0\u00bb, c\u2019est-\u00e0-dire que vous ne trouviez pas ou tr\u00e8s peu de monarques. C\u2019est normal. Nous vous encourageons \u00e0 poursuivre tout de m\u00eame votre observation. Il est tout aussi important de savoir o\u00f9 on ne trouve pas de monarques que de savoir o\u00f9 on en voit. Et qui sait, vous pourriez avoir des surprises au cours de l\u2019\u00e9t\u00e9 : une femelle s\u2019appr\u00eate peut-\u00eatre \u00e0 pondre sur les ascl\u00e9piades de votre site\u00a0!<\/p>\n<p>&nbsp;<\/p>\n<p>&nbsp;<\/p>\n<h4><a name=\"q16\"><\/a>Que faire si mon site subit une tonte au cours de l\u2019\u00e9t\u00e9\u00a0?<\/h4>\n<p>&nbsp;<\/p>\n<p style=\"padding-left: 30px; text-align: left;\">Il n\u2019y a malheureusement pas grand-chose \u00e0 faire. Prenez-en note et rapportez la situation sur le site de Mission monarque. Et surtout, continuez de visiter votre site\u00a0! Les jeunes pousses d\u2019ascl\u00e9piades qui ne manqueront pas d\u2019appara\u00eetre attireront peut-\u00eatre de nouveaux monarques.<\/p>\n<p>&nbsp;<\/p>\n<p>&nbsp;<\/p>\n<h4><a name=\"q17\"><\/a>Comment d\u00e9limiter mon site\u00a0?<\/h4>\n<p>&nbsp;<\/p>\n<p style=\"padding-left: 30px; text-align: left;\">Votre site d\u2019inventaire correspond \u00e0 toute la surface o\u00f9 pourrait pousser l\u2019ascl\u00e9piade. Il s\u2019agit souvent d\u2019un milieu ouvert, comme un champ.<\/p>\n<p style=\"padding-left: 30px; text-align: left;\">Pour d\u00e9terminer les limites de votre site, rep\u00e9rez les secteurs bois\u00e9s, les chemins ou les bordures de pelouses, qui sont des exemples de changements de milieu \u2014 donc des bornes naturelles pour votre site. \u00c0 votre premi\u00e8re visite, balayez la zone du regard et \u00e9tablissez des points de rep\u00e8re. Cet exercice vous aidera \u00e0 d\u00e9limiter votre site sur la carte interactive, au moment de soumettre vos donn\u00e9es.<\/p>\n<p>&nbsp;<\/p>\n<p>&nbsp;<\/p>\n<h4><a name=\"q18\"><\/a>Est-ce que mon site d\u2019inventaire peut \u00eatre mon jardin\u00a0?<\/h4>\n<p>&nbsp;<\/p>\n<p style=\"padding-left: 30px; text-align: left;\">Oui! Vous pouvez d\u2019ailleurs maximiser vos chances d\u2019observer des monarques en transformant votre jardin en<a href=\"https:\/\/espacepourlavie.ca\/certification-oasis-pour-les-monarques\" target=\"_blank\" rel=\"noopener noreferrer\"> oasis pour les monarques<\/a>.<\/p>\n<p>&nbsp;<\/p>\n<p>&nbsp;<\/p>\n<h4><a name=\"q19\"><\/a>Quelles autres esp\u00e8ces d\u2019insectes se retrouvent sur l\u2019ascl\u00e9piade\u00a0?<\/h4>\n<p>&nbsp;<\/p>\n<p style=\"padding-left: 30px; text-align: left;\">Consultez la <a href=\"http:\/\/www.mission-monarch.org\/wp-content\/uploads\/2017\/07\/communaute_asclepiade_FR_LR.pdf\">fiche d\u2019identification de la communaut\u00e9 de l&#8217;ascl\u00e9piade<\/a>.<\/p>\n<p>&nbsp;<\/p>\n<p>&nbsp;<\/p>\n<h4><a name=\"q20\"><\/a>Que faire si je retrouve beaucoup d\u2019\u0153ufs, mais aucune chenille\u00a0?<\/h4>\n<p>&nbsp;<\/p>\n<p style=\"padding-left: 30px; text-align: left;\">Prenez autant de photos de vos observations que possible\u00a0! En les partageant sur le site internet, nos experts pourront confirmer si cette tendance s\u2019explique par une erreur d\u2019identification des \u0153ufs ou si un autre facteur emp\u00eache l\u2019\u00e9closion ou la survie des chenilles.<\/p>\n<p style=\"padding-left: 30px; text-align: left;\">Si vos inventaires vous semblent non coh\u00e9rents, notez tout ce qui pourrait nuire aux chenilles de monarque, par exemple l\u2019usage de pesticide, une grande activit\u00e9 pr\u00e8s des ascl\u00e9piades, de la comp\u00e9tition par d\u2019autres esp\u00e8ces d\u2019insectes\u2026<\/p>\n<p>&nbsp;<\/p>\n<p>&nbsp;<\/p>\n<h4><a name=\"q21\"><\/a>Comment diff\u00e9rencier les stades larvaires\u00a0?<\/h4>\n<p>&nbsp;<\/p>\n<p style=\"padding-left: 30px; text-align: left;\">La taille des filaments, les couleurs et certains comportements de la chenille sont de bons indices pour diff\u00e9rencier les stades larvaires. Consultez la section <a href=\"http:\/\/www.mission-monarch.org\/fr\/steps\/get-ready\/monarch-identification\/\">Reconna\u00eetre le monarque<\/a> pour acc\u00e9der aux fiches d\u2019identification des chenilles. Prenez aussi des photos au cours de vos sorties afin de faire confirmer vos identifications par les experts de Mission monarque.<\/p>\n<p>&nbsp;<\/p>\n<p>&nbsp;<\/p>\n<h4><a name=\"q22\"><\/a>Est-ce que ce sont les m\u00eames monarques qui reviennent sur mon site chaque printemps\u00a0?<\/h4>\n<p>&nbsp;<\/p>\n<p style=\"padding-left: 30px; text-align: left;\">Les monarques adultes observ\u00e9s au Canada au cours de l\u2019\u00e9t\u00e9 vivent de 3 \u00e0 5 semaines. \u00c0 la fin de l\u2019\u00e9t\u00e9, une g\u00e9n\u00e9ration migratrice, qui peut vivre pendant 8 mois, \u00e9merge et effectue le voyage vers le Mexique. La plupart des m\u00e2les termineront leur vie au Mexique, \u00e0 la fin de la p\u00e9riode d\u2019hivernage. Les femelles, elles, entreprendront une migration vers le nord pour pondre leurs \u0153ufs avant de mourir, mais ne d\u00e9passeront pas le sud des \u00c9tats-Unis. Il faut compter une ou deux g\u00e9n\u00e9rations de plus pour que les monarques atteignent le sud du Canada. Ce ne sont donc pas les m\u00eames individus qui reviennent dans nos r\u00e9gions au d\u00e9but de l\u2019\u00e9t\u00e9, mais bien leurs petits-enfants et arri\u00e8re-petits-enfants\u00a0!<\/p>\n<p>&nbsp;<\/p>\n<p>&nbsp;<\/p>\n<h4><a name=\"q23\"><\/a>Quels sont les \u00e9l\u00e9ments \u00e0 consid\u00e9rer pour ma s\u00e9curit\u00e9\u00a0?<\/h4>\n<p>&nbsp;<\/p>\n<p style=\"padding-left: 30px; text-align: left;\">Comme pour tout type de travail terrain, nous vous recommandons fortement de vous v\u00eatir de pantalons longs et de souliers ferm\u00e9s. N\u2019oubliez pas de porter un chapeau et de vous amener de l\u2019eau.<\/p>\n<p style=\"padding-left: 30px; text-align: left;\">Lorsque vous partez en <em>Mission monarque<\/em>, il est important de choisir un terrain s\u00e9curitaire et reconna\u00eetre les risques auxquels on peut \u00eatre expos\u00e9 <a href=\"http:\/\/www.mission-monarch.org\/wp-content\/uploads\/2022\/08\/Precaution-FR-2-1.pdf\">(voir document en annexe)<\/a>.  De plus, ne vous aventurez pas sur un terrain priv\u00e9 sans avoir re\u00e7u les autorisations n\u00e9cessaires.\n<\/p>\n<p>&nbsp;<\/p>\n<p>&nbsp;<\/p>\n<h4><a name=\"q24\"><\/a>L&#8217;ascl\u00e9piade est-elle toxique\u00a0?<\/h4>\n<p>&nbsp;<\/p>\n<p style=\"padding-left: 30px; text-align: left;\">L\u2019ascl\u00e9piade contient du latex, un liquide blanc et collant qui ressemble \u00e0 du lait. Ce latex contient des card\u00e9nolides, des mol\u00e9cules toxiques ayant un tr\u00e8s mauvais go\u00fbt. Il s\u2019agit d\u2019un moyen de d\u00e9fense pour la plante. Les monarques ne sont cependant pas affect\u00e9s par ces mol\u00e9cules ; au contraire, ils en b\u00e9n\u00e9ficient en les emmagasinant pour s\u2019en servir comme d\u00e9fense \u00e0 son tour.<\/p>\n<p style=\"padding-left: 30px; text-align: left;\">Pour qu\u2019un humain s\u2019empoisonne, il faudrait que celui-ci ing\u00e8re une quantit\u00e9 importante d\u2019ascl\u00e9piades. En raison du go\u00fbt tr\u00e8s amer de la plante, il est pratiquement impossible que cela se produise.<\/p>\n<p style=\"padding-left: 30px; text-align: left;\">Quant aux dermatites, elles sont g\u00e9n\u00e9ralement observ\u00e9es chez les individus qui sont en contact prolong\u00e9 et r\u00e9p\u00e9t\u00e9 avec l\u2019ascl\u00e9piade, comme les horticulteurs et les entomologistes.\n<\/p>\n<p>&nbsp;<\/p>\n<p>&nbsp;<\/p>\n<hr \/>\n<h2>Soumission des donn\u00e9es<\/h2>\n<p>&nbsp;<\/p>\n<h4><a name=\"q25\"><\/a>Comment les donn\u00e9es soumises sont-elles v\u00e9rifi\u00e9es\u00a0?<\/h4>\n<p>&nbsp;<\/p>\n<p style=\"padding-left: 30px; text-align: left;\">Les experts de Mission monarque v\u00e9rifient si les donn\u00e9es soumises sont coh\u00e9rentes avec la biologie du monarque. Pour \u00e9viter que de pr\u00e9cieuses informations soient rejet\u00e9es, prenez en photos vos trouvailles ! Ainsi, en cas de doute, les experts pourront confirmer les identifications.<\/p>\n<p>&nbsp;<\/p>\n<p>&nbsp;<\/p>\n<\/div>\n<div class=\"col-xs-12 col-sm-8\">\n<h4><a name=\"q26\"><\/a>Que faire si je me trompe en entrant les donn\u00e9es\u00a0?<\/h4>\n<p>&nbsp;<\/p>\n<p style=\"padding-left: 30px; text-align: left;\">Les d\u00e9tails de chaque mission peuvent \u00eatre modifi\u00e9s en tout temps\u00a0en cliquant sur le petit crayon dans un carr\u00e9 bleu qui appara\u00eet en haut \u00e0 gauche de la carte sur la page de votre mission.<\/p>\n<p>&nbsp;<\/p>\n<p>&nbsp;<\/p>\n<h4><a name=\"q27\"><\/a>Que faire si je ne suis pas certain de l\u2019identification\u00a0? O\u00f9 puis-je trouver de l\u2019aide\u00a0?<\/h4>\n<p>&nbsp;<\/p>\n<p style=\"padding-left: 30px; text-align: left;\">R\u00e9f\u00e9rez-vous aux <a href=\"http:\/\/www.mission-monarch.org\/fr\/steps\/protocol-on-the-field\/material\/\">fiches d\u2019identification<\/a> du site internet. Dans le doute, prenez une photo et <a href=\"mailto: mission-monarque@montreal.ca\">\u00e9crivez-nous<\/a> pour une confirmation.<\/p>\n<p>&nbsp;<\/p>\n<p>&nbsp;<\/p>\n<hr \/>\n<h2>Autres questions<\/h2>\n<p>&nbsp;<\/p>\n<h4><a name=\"q28\"><\/a>Comment puis-je m\u2019impliquer\/aider <em>Mission monarque<\/em>\u00a0?<\/h4>\n<p>&nbsp;<\/p>\n<p style=\"padding-left: 30px; text-align: left;\">La meilleure fa\u00e7on d\u2019aider le projet est de collecter le plus de donn\u00e9es possible. Si vous participez d\u00e9j\u00e0 et que vous aimeriez aller plus loin, vous pourriez :<\/p>\n<ul style=\"text-align: left;\">\n<li>Observer d\u2019autres sites ;<\/li>\n<li>Parler de <em>Mission monarque<\/em> dans vos r\u00e9seaux\u00a0;<\/li>\n<li>Organiser des sorties d\u2019observation et inviter de nouveaux participants.<\/li>\n<\/ul>\n<p style=\"padding-left: 30px; text-align: left;\">Pour toute autre id\u00e9e \u00e0 proposer afin de faire rayonner <em>Mission monarque<\/em>, <a href=\"mailto: mission-monarque@montreal.ca\">\u00e9crivez-nous<\/a>!<\/p>\n<\/div>\n<div class=\"col-xs-12 col-sm-4\"><\/div>\n<p><\/p>","protected":false},"excerpt":{"rendered":"<p>Le programme Qu\u2019est-ce que Mission monarque\u00a0? Qui chapeaute Mission monarque\u00a0? Qui peut participer \u00e0 Mission monarque\u00a0? Est-ce adapt\u00e9 pour les familles\u00a0? Pourquoi participer \u00e0 Mission monarque ? Avant de commencer Comment puis-je participer \u00e0 Mission monarque\u00a0? Combien \u00e7a co\u00fbte\u00a0? Quelles sont les \u00e9tapes de Mission monarque\u00a0? \u00c0 quoi servent les donn\u00e9es recueillies par le projet&hellip; <a class=\"more-link\" href=\"https:\/\/mission-monarch.org\/wordpress\/fr\/faq\/\">Continue reading <span class=\"screen-reader-text\">Questions\/R\u00e9ponses<\/span><\/a><\/p>\n","protected":false},"author":1,"featured_media":0,"parent":0,"menu_order":0,"comment_status":"closed","ping_status":"closed","template":"","meta":[],"_links":{"self":[{"href":"https:\/\/mission-monarch.org\/wordpress\/fr\/wp-json\/wp\/v2\/pages\/58"}],"collection":[{"href":"https:\/\/mission-monarch.org\/wordpress\/fr\/wp-json\/wp\/v2\/pages"}],"about":[{"href":"https:\/\/mission-monarch.org\/wordpress\/fr\/wp-json\/wp\/v2\/types\/page"}],"author":[{"embeddable":true,"href":"https:\/\/mission-monarch.org\/wordpress\/fr\/wp-json\/wp\/v2\/users\/1"}],"replies":[{"embeddable":true,"href":"https:\/\/mission-monarch.org\/wordpress\/fr\/wp-json\/wp\/v2\/comments?post=58"}],"version-history":[{"count":86,"href":"https:\/\/mission-monarch.org\/wordpress\/fr\/wp-json\/wp\/v2\/pages\/58\/revisions"}],"predecessor-version":[{"id":4642,"href":"https:\/\/mission-monarch.org\/wordpress\/fr\/wp-json\/wp\/v2\/pages\/58\/revisions\/4642"}],"wp:attachment":[{"href":"https:\/\/mission-monarch.org\/wordpress\/fr\/wp-json\/wp\/v2\/media?parent=58"}],"curies":[{"name":"wp","href":"https:\/\/api.w.org\/{rel}","templated":true}]}}