{"id":85,"date":"2016-03-23T15:18:15","date_gmt":"2016-03-23T15:18:15","guid":{"rendered":"http:\/\/monarch.huasambo.com\/?page_id=85"},"modified":"2023-02-16T21:51:42","modified_gmt":"2023-02-16T21:51:42","slug":"monarch-identification-annual-cycle","status":"publish","type":"page","link":"https:\/\/mission-monarch.org\/wordpress\/fr\/monarchs-biology\/monarch-identification-annual-cycle\/","title":{"rendered":"Le cycle annuel du monarque"},"content":{"rendered":"<p><\/p>\n<div class=\"row\">\n<div class=\"col-xs-12 col-sm-7\">\n<h3>Juin<\/h3>\n<h6 style=\"color: #777\">(mi-mai pour le sud de l\u2019Ontario)<\/h6>\n<p>Les premiers monarques adultes atteignent le sud du Canada. Tout en cheminant vers le nord, les femelles cherchent les jeunes plants d\u2019ascl\u00e9piades pour y pondre leurs \u0153ufs.<\/p>\n<p>Il faut entre 3 et 8 jours pour qu\u2019un \u0153uf se d\u00e9veloppe. Puis, la chenille \u00e9clot\u2009; elle grandira pendant environ 15 jours. Le monarque se transformera ensuite en chrysalide. Puisqu\u2019il faut compter pr\u00e8s de deux semaines entre la ponte de l\u2019\u0153uf et cette \u00e9tape, il est normal de ne pas observer de chrysalides avant la mi-juin.<\/p>\n<h3>Juillet<\/h3>\n<h6 style=\"color: #777\">(juin pour le sud de l\u2019Ontario)<\/h6>\n<p>Les monarques n\u00e9s au Canada ont compl\u00e9t\u00e9 leur cycle de vie et se sont reproduits. On voit alors une seconde g\u00e9n\u00e9ration de papillons appara\u00eetre. En juillet, il est possible d\u2019observer \u0153ufs, chenilles, chrysalides et adultes au m\u00eame moment\u2009! Deux g\u00e9n\u00e9rations peuvent se succ\u00e9der ainsi au cours de l\u2019\u00e9t\u00e9.<\/p>\n<h3>Ao\u00fbt et septembre<\/h3>\n<p>Alors que les heures d\u2019ensoleillement diminuent, les monarques re\u00e7oivent un nouveau signal : celui de la migration. Les papillons qui \u00e9mergent (passent de la chrysalide \u00e0 l\u2019adulte) \u00e0 la fin de l\u2019\u00e9t\u00e9 ne compl\u00e8tent pas le d\u00e9veloppement de leurs organes reproducteurs. Ils \u00e9conomisent ainsi de l\u2019\u00e9nergie pour entreprendre la longue route vers leurs sites d\u2019hivernage, plus au sud. Ils y arriveront d\u00e8s la fin octobre et y resteront jusqu\u2019en mars.<\/p>\n<\/div>\n<div class=\"col-xs-12 col-sm-4\">\n<h3><\/h3>\n<p><img class=\"img-responsive col-xs-12\" style=\"padding: 0; width: 100%;\" src=\"\/wp-content\/uploads\/2016\/05\/40693ASARRAZIN_Fotor-1024x861.jpg\" alt=\"40693ASARRAZIN_Fotor\"\/><\/p>\n<\/div>\n<\/div>\n<p><\/p>","protected":false},"excerpt":{"rendered":"<p>Juin (mi-mai pour le sud de l\u2019Ontario) Les premiers monarques adultes atteignent le sud du Canada. Tout en cheminant vers le nord, les femelles cherchent les jeunes plants d\u2019ascl\u00e9piades pour y pondre leurs \u0153ufs. Il faut entre 3 et 8 jours pour qu\u2019un \u0153uf se d\u00e9veloppe. Puis, la chenille \u00e9clot\u2009; elle grandira pendant environ 15&hellip; <a class=\"more-link\" href=\"https:\/\/mission-monarch.org\/wordpress\/fr\/monarchs-biology\/monarch-identification-annual-cycle\/\">Continue reading <span class=\"screen-reader-text\">Le cycle annuel du monarque<\/span><\/a><\/p>\n","protected":false},"author":1,"featured_media":0,"parent":45,"menu_order":0,"comment_status":"closed","ping_status":"closed","template":"","meta":[],"_links":{"self":[{"href":"https:\/\/mission-monarch.org\/wordpress\/fr\/wp-json\/wp\/v2\/pages\/85"}],"collection":[{"href":"https:\/\/mission-monarch.org\/wordpress\/fr\/wp-json\/wp\/v2\/pages"}],"about":[{"href":"https:\/\/mission-monarch.org\/wordpress\/fr\/wp-json\/wp\/v2\/types\/page"}],"author":[{"embeddable":true,"href":"https:\/\/mission-monarch.org\/wordpress\/fr\/wp-json\/wp\/v2\/users\/1"}],"replies":[{"embeddable":true,"href":"https:\/\/mission-monarch.org\/wordpress\/fr\/wp-json\/wp\/v2\/comments?post=85"}],"version-history":[{"count":51,"href":"https:\/\/mission-monarch.org\/wordpress\/fr\/wp-json\/wp\/v2\/pages\/85\/revisions"}],"predecessor-version":[{"id":4569,"href":"https:\/\/mission-monarch.org\/wordpress\/fr\/wp-json\/wp\/v2\/pages\/85\/revisions\/4569"}],"up":[{"embeddable":true,"href":"https:\/\/mission-monarch.org\/wordpress\/fr\/wp-json\/wp\/v2\/pages\/45"}],"wp:attachment":[{"href":"https:\/\/mission-monarch.org\/wordpress\/fr\/wp-json\/wp\/v2\/media?parent=85"}],"curies":[{"name":"wp","href":"https:\/\/api.w.org\/{rel}","templated":true}]}}