{"id":2219,"date":"2016-07-25T20:06:05","date_gmt":"2016-07-25T20:06:05","guid":{"rendered":"http:\/\/mm20-dev.mission-monarch.org\/?page_id=2219"},"modified":"2024-07-25T14:32:40","modified_gmt":"2024-07-25T14:32:40","slug":"mission-monarch-blitz","status":"publish","type":"page","link":"https:\/\/mission-monarch.org\/wordpress\/fr\/mission-monarch-blitz\/","title":{"rendered":"Le Blitz international de suivi du monarque"},"content":{"rendered":"<p><\/p>\n<div class=\"row\">\n<h3><\/h3>\n<\/div>\n<h3><\/h3>\n<p>&nbsp;<\/p>\n<div class=\"row\">\n<div class=\"col-xs-12 col-sm-8\">\n<h3><span style=\"font-weight: 400;\">Le Blitz international de suivi du monarque 2024 : du 26 juillet au 4 ao\u00fbt!<\/span><\/h3>\n<h3><span style=\"font-weight: 400;\"><img loading=\"lazy\" class=\" wp-image-4698 alignright\" src=\"http:\/\/www.mission-monarch.org\/wordpress\/wp-content\/uploads\/2023\/06\/4-Agathe_Moreau-5-225x300.jpg\" alt=\"\" width=\"186\" height=\"248\" srcset=\"https:\/\/mission-monarch.org\/wordpress\/wp-content\/uploads\/2023\/06\/4-Agathe_Moreau-5-225x300.jpg 225w, https:\/\/mission-monarch.org\/wordpress\/wp-content\/uploads\/2023\/06\/4-Agathe_Moreau-5-768x1024.jpg 768w, https:\/\/mission-monarch.org\/wordpress\/wp-content\/uploads\/2023\/06\/4-Agathe_Moreau-5-1152x1536.jpg 1152w, https:\/\/mission-monarch.org\/wordpress\/wp-content\/uploads\/2023\/06\/4-Agathe_Moreau-5-1536x2048.jpg 1536w, https:\/\/mission-monarch.org\/wordpress\/wp-content\/uploads\/2023\/06\/4-Agathe_Moreau-5-1568x2091.jpg 1568w, https:\/\/mission-monarch.org\/wordpress\/wp-content\/uploads\/2023\/06\/4-Agathe_Moreau-5-scaled.jpg 1920w\" sizes=\"(max-width: 186px) 100vw, 186px\" \/><\/span><\/h3>\n<p><span style=\"font-weight: 400;\">Le Blitz international de suivi du monarque est un \u00e9v\u00e9nement annuel consacr\u00e9 \u00e0 la recherche pour la sauvegarde du monarque. Partout en Am\u00e9rique du Nord, les amoureux du monarque sont appel\u00e9s \u00e0 joindre leurs efforts au cours de ces journ\u00e9es. L\u2019objectif? Prendre un instantan\u00e9 de la pr\u00e9sence d\u2019ascl\u00e9piade et de monarques dans son aire de r\u00e9partition estivale.<\/span><\/p>\n<p><span style=\"font-weight: 400;\">Pour participer, c\u2019est simple! Il suffit de r\u00e9aliser une ou plusieurs Mission monarque durant la p\u00e9riode du Blitz, du 26 juillet au 4 ao\u00fbt, puis de partager ce que vous avez observ\u00e9. Pour ce faire, <\/span><a href=\"\/mmapp\/fr\/users\/signup\/\"><span style=\"font-weight: 400;\">cr\u00e9ez un compte<\/span><\/a><span style=\"font-weight: 400;\"> puis <\/span><a href=\"\/mmapp\/fr\/submit\/submit-data\/\"><span style=\"font-weight: 400;\">partagez vos observations en ligne<\/span><\/a><span style=\"font-weight: 400;\">. Et n\u2019h\u00e9sitez pas \u00e0 partager \u00e9galement vos observations avec la communaut\u00e9 Mission monarque sur les r\u00e9seaux sociaux avec #BlitzMonarque!\u00a0<\/span><\/p>\n<\/div>\n<h3><\/h3>\n<div class=\"col-xs-12 col-sm-8\">\n<h3><\/h3>\n<h3><span style=\"font-weight: 400;\">Activit\u00e9s 2024!<\/span><\/h3>\n<p><span style=\"font-weight: 400;\">Plusieurs activit\u00e9s se tiendront en ligne ou en pr\u00e9sentiel partout en Am\u00e9rique du Nord pendant le Blitz. Voici une liste d&#8217;activit\u00e9s qui auront lieu au Canada. Joignez-vous \u00e0 nous!<\/span><\/p>\n<p><strong>Les Butineries &#8211; Pollinisateurs en F\u00eate : du 26 au 28 juillet, de 10h \u00e0 17h<\/strong><\/p>\n<p><span style=\"background-color: var(--global--color-background); color: var(--global--color-primary); font-family: var(--global--font-secondary); font-size: var(--global--font-size-base);\">Les Butineries est un \u00e9v\u00e8nement familial avec des activit\u00e9s amusantes inspir\u00e9es des insectes pollinisateurs, des kiosques d&#8217;information favorisant les \u00e9changes avec des experts, et deux soir\u00e9es uniques pour observer les insectes nocturnes dans une ambiance festive. Le festival aura lieu de 10h \u00e0 17h tout pr\u00e8s du jardin des pollinisateurs de l&#8217;Insectarium et les soir\u00e9es de 20h \u00e0 23h au carrefour des saveurs du Jardin botanique. Le tout GRATUIT!\u00a0<\/span><\/p>\n<p><strong>Mission monarque et d\u00e9monstration de projets ALUS \u00e0 la ferme HLF : du 28 juillet et 4 ao\u00fbt, de 13h \u00e0 16h<\/strong><\/p>\n<p>Cette activit\u00e9 est l\u2019activit\u00e9 agrotouristique par excellence pour en apprendre plus au sujet du Monarque et du Programme ALUS en Outaouais. La visite de la ferme HLF au Lac Simon vous offrira l&#8217;opportunit\u00e9 d&#8217;apprendre \u00e0 documenter et valoriser la pr\u00e9sence des ascl\u00e9piades et des monarques. Vous pourrez \u00e9galement d\u00e9couvrir des haies brise-vent et des bandes riveraines am\u00e9nag\u00e9es gr\u00e2ce au programme ALUS. Cette exp\u00e9rience unique vous permettra non seulement d&#8217;observer ces am\u00e9nagements, mais aussi de contribuer activement au programme de science participative Mission Monarque. Pour plus d&#8217;informations, voici le lien vers l&#8217;<a href=\"https:\/\/www.facebook.com\/events\/843925417273511\/843925423940177\/?ref=newsfeed&amp;locale=fr_CA\">\u00e9v\u00e8nement Facebook<\/a>.<\/p>\n<p><strong>Activit\u00e9 Mission monarque \u00e0 la Ferme Pure Conscience : le 3 ao\u00fbt, de 11h \u00e0 12h30<\/strong><\/p>\n<p>Cette activit\u00e9 aura lieu \u00e0 la Ferme Pure Conscience au 57 Chemin Ragged Chute \u00e0 Bristol.<\/p>\n<p><strong>Kiosques du GRAME : les 26 et 27 juillet<\/strong><\/p>\n<p><span style=\"background-color: var(--global--color-background); color: var(--global--color-primary); font-family: var(--global--font-secondary); font-size: var(--global--font-size-base);\">Trois kiosques seront tenus par le GRAME \u00e0 Lachine, Dorval et dans le Sud-Ouest ! Venez les voir pour en savoir plus et poser vos questions sur la migration et la vie du monarque. Tout le mat\u00e9riel n\u00e9cessaire pour partir en mission et commencer l\u2019identification du monarque et de l\u2019ascl\u00e9piade sera fourni ! Pour plus d&#8217;informations, voici le lien vers l&#8217;<\/span><a style=\"background-color: var(--global--color-background); font-family: var(--global--font-secondary); font-size: var(--global--font-size-base);\" href=\"https:\/\/www.facebook.com\/events\/465443162794343\">\u00e9v\u00e8nement Facebook<\/a><span style=\"background-color: var(--global--color-background); color: var(--global--color-primary); font-family: var(--global--font-secondary); font-size: var(--global--font-size-base);\">.<\/span><\/p>\n<p><span style=\"background-color: var(--global--color-background); color: var(--global--color-primary); font-family: var(--global--font-secondary); font-size: var(--global--font-size-base);\">D\u00e9tails des kiosques :<\/span><\/p>\n<ul>\n<li><span style=\"background-color: var(--global--color-background); color: var(--global--color-primary); font-family: var(--global--font-secondary); font-size: var(--global--font-size-base);\">Sud-Ouest : 26 juillet de 15h \u00e0 17h au Square Sir-George-\u00c9tienne-Cartier<\/span><\/li>\n<li>Dorval : 27 juillet de 9h \u00e0 12h au Jardin Royal Dixie<\/li>\n<li>Lachine : 27 juillet de 10h \u00e0 14h au Parc Stoney-Point<\/li>\n<\/ul>\n<\/div>\n<\/div>\n<div class=\"row\">\n<div class=\"col-xs-12 col-sm-8\">\n<div class=\"row\">\n<div class=\"col-xs-12 col-sm-8\"><\/div>\n<\/div>\n<p><span style=\"font-weight: 400;\">Si vous souhaitez en apprendre davantage sur le Blitz international de suivi du monarque 2024, <\/span><a href=\"http:\/\/www.cec.org\/fr\/blitz-international-de-suivi-du-monarque\/\" target=\"_blank\" rel=\"noopener\"><span style=\"font-weight: 400;\"> visitez le site web du Blitz de la Commission de coop\u00e9ration environnementale.\u00a0<\/span><\/a><\/p>\n<p><span style=\"font-weight: 400;\">Pour plus d\u2019informations, voici le lien vers l&#8217;<a href=\"https:\/\/www.facebook.com\/events\/1357169159018486\/\">\u00e9v\u00e8nement Facebook<\/a>, notre <a href=\"https:\/\/can01.safelinks.protection.outlook.com\/?url=http%3A%2F%2Fwww.cec.org%2Ffr%2Fnewsletter%2Fblitz-international-de-suivi-du-monarque-2024%2F&amp;data=05%7C02%7Cjulia.meyer.ext%40montreal.ca%7C851217dced9449754db808dc8a5227a4%7C9f15d2dc87534f83aac2a58288d3a4bc%7C0%7C0%7C638537332662557711%7CUnknown%7CTWFpbGZsb3d8eyJWIjoiMC4wLjAwMDAiLCJQIjoiV2luMzIiLCJBTiI6Ik1haWwiLCJXVCI6Mn0%3D%7C0%7C%7C%7C&amp;sdata=9c5%2BkDaZrvA3tWWTLJYa7GIvpmJ4kx6BYZwXWdnJ%2FGg%3D&amp;reserved=0\">Infolettre de \u00ab\u00c0 vos Agendas\u00bb<\/a>, ou <a href=\"mailto:mission-monarque@montreal.ca\" target=\"_blank\" rel=\"noopener\">\u00e9crivez-nous!\u00a0<\/a><\/span><\/p>\n<p>&nbsp;<\/p>\n<\/div>\n<\/div>\n<p><\/p>","protected":false},"excerpt":{"rendered":"<p>&nbsp; Le Blitz international de suivi du monarque 2024 : du 26 juillet au 4 ao\u00fbt! Le Blitz international de suivi du monarque est un \u00e9v\u00e9nement annuel consacr\u00e9 \u00e0 la recherche pour la sauvegarde du monarque. Partout en Am\u00e9rique du Nord, les amoureux du monarque sont appel\u00e9s \u00e0 joindre leurs efforts au cours de ces&hellip; <a class=\"more-link\" href=\"https:\/\/mission-monarch.org\/wordpress\/fr\/mission-monarch-blitz\/\">Continue reading <span class=\"screen-reader-text\">Le Blitz international de suivi du monarque<\/span><\/a><\/p>\n","protected":false},"author":3,"featured_media":0,"parent":0,"menu_order":0,"comment_status":"closed","ping_status":"closed","template":"","meta":[],"_links":{"self":[{"href":"https:\/\/mission-monarch.org\/wordpress\/fr\/wp-json\/wp\/v2\/pages\/2219"}],"collection":[{"href":"https:\/\/mission-monarch.org\/wordpress\/fr\/wp-json\/wp\/v2\/pages"}],"about":[{"href":"https:\/\/mission-monarch.org\/wordpress\/fr\/wp-json\/wp\/v2\/types\/page"}],"author":[{"embeddable":true,"href":"https:\/\/mission-monarch.org\/wordpress\/fr\/wp-json\/wp\/v2\/users\/3"}],"replies":[{"embeddable":true,"href":"https:\/\/mission-monarch.org\/wordpress\/fr\/wp-json\/wp\/v2\/comments?post=2219"}],"version-history":[{"count":230,"href":"https:\/\/mission-monarch.org\/wordpress\/fr\/wp-json\/wp\/v2\/pages\/2219\/revisions"}],"predecessor-version":[{"id":4972,"href":"https:\/\/mission-monarch.org\/wordpress\/fr\/wp-json\/wp\/v2\/pages\/2219\/revisions\/4972"}],"wp:attachment":[{"href":"https:\/\/mission-monarch.org\/wordpress\/fr\/wp-json\/wp\/v2\/media?parent=2219"}],"curies":[{"name":"wp","href":"https:\/\/api.w.org\/{rel}","templated":true}]}}