{"id":3584,"date":"2019-02-22T21:44:16","date_gmt":"2019-02-22T21:44:16","guid":{"rendered":"http:\/\/www.mission-monarch.org\/?page_id=3584"},"modified":"2022-02-16T22:48:59","modified_gmt":"2022-02-16T22:48:59","slug":"the-research-project-2","status":"publish","type":"page","link":"https:\/\/mission-monarch.org\/wordpress\/fr\/the-research-project-2\/","title":{"rendered":"Le projet de recherche"},"content":{"rendered":"<p><img loading=\"lazy\" class=\"alignright size-medium wp-image-3568\" src=\"http:\/\/www.mission-monarch.org\/wp-content\/uploads\/2019\/02\/IMG_3623-Copie-200x300.jpg\" alt=\"Photo: Chantal Lepire\" width=\"200\" height=\"300\" srcset=\"https:\/\/mission-monarch.org\/wordpress\/wp-content\/uploads\/2019\/02\/IMG_3623-Copie-200x300.jpg 200w, https:\/\/mission-monarch.org\/wordpress\/wp-content\/uploads\/2019\/02\/IMG_3623-Copie-768x1152.jpg 768w, https:\/\/mission-monarch.org\/wordpress\/wp-content\/uploads\/2019\/02\/IMG_3623-Copie-683x1024.jpg 683w, https:\/\/mission-monarch.org\/wordpress\/wp-content\/uploads\/2019\/02\/IMG_3623-Copie.jpg 2000w\" sizes=\"(max-width: 200px) 100vw, 200px\" \/><\/p>\n<p>\u00c9tant donn\u00e9 l&#8217;important d\u00e9clin des populations de monarque migrateur observ\u00e9 en Am\u00e9rique du Nord, le Canada s&#8217;est engag\u00e9 \u00e0 prot\u00e9ger les habitats de reproduction du papillon dans le but de maximiser son succ\u00e8s reproducteur. Toutefois, les connaissances scientifiques sont insuffisantes pour mettre en place des mesures de conservation efficaces. Pour prot\u00e9ger les habitats de reproduction, on doit savoir o\u00f9 les trouver. Autrement dit, on a besoin de donn\u00e9es sur la reproduction du monarque dans l&#8217;ensemble de son aire de reproduction. C&#8217;est ici que Mission monarque entre en jeu!<\/p>\n<p><em>Mission monarque<\/em> est un programme de science participative. Cela signifie que tout le monde, avec ou sans formation en science, peut partager ses observations et ainsi contribuer \u00e0 la collecte de donn\u00e9es. En utilisant toutes les mentions de d&#8217;ascl\u00e9piade et de monarque, les chercheurs seront en mesure de cartographier les endroits o\u00f9 il y a reproduction, d&#8217;identifier les habitats les plus importants et finalement de conseiller les experts en conservation.<\/p>","protected":false},"excerpt":{"rendered":"<p>\u00c9tant donn\u00e9 l&#8217;important d\u00e9clin des populations de monarque migrateur observ\u00e9 en Am\u00e9rique du Nord, le Canada s&#8217;est engag\u00e9 \u00e0 prot\u00e9ger les habitats de reproduction du papillon dans le but de maximiser son succ\u00e8s reproducteur. Toutefois, les connaissances scientifiques sont insuffisantes pour mettre en place des mesures de conservation efficaces. Pour prot\u00e9ger les habitats de reproduction,&hellip; <a class=\"more-link\" href=\"https:\/\/mission-monarch.org\/wordpress\/fr\/the-research-project-2\/\">Continue reading <span class=\"screen-reader-text\">Le projet de recherche<\/span><\/a><\/p>\n","protected":false},"author":1,"featured_media":0,"parent":0,"menu_order":0,"comment_status":"closed","ping_status":"closed","template":"","meta":[],"_links":{"self":[{"href":"https:\/\/mission-monarch.org\/wordpress\/fr\/wp-json\/wp\/v2\/pages\/3584"}],"collection":[{"href":"https:\/\/mission-monarch.org\/wordpress\/fr\/wp-json\/wp\/v2\/pages"}],"about":[{"href":"https:\/\/mission-monarch.org\/wordpress\/fr\/wp-json\/wp\/v2\/types\/page"}],"author":[{"embeddable":true,"href":"https:\/\/mission-monarch.org\/wordpress\/fr\/wp-json\/wp\/v2\/users\/1"}],"replies":[{"embeddable":true,"href":"https:\/\/mission-monarch.org\/wordpress\/fr\/wp-json\/wp\/v2\/comments?post=3584"}],"version-history":[{"count":9,"href":"https:\/\/mission-monarch.org\/wordpress\/fr\/wp-json\/wp\/v2\/pages\/3584\/revisions"}],"predecessor-version":[{"id":4265,"href":"https:\/\/mission-monarch.org\/wordpress\/fr\/wp-json\/wp\/v2\/pages\/3584\/revisions\/4265"}],"wp:attachment":[{"href":"https:\/\/mission-monarch.org\/wordpress\/fr\/wp-json\/wp\/v2\/media?parent=3584"}],"curies":[{"name":"wp","href":"https:\/\/api.w.org\/{rel}","templated":true}]}}