{"id":47,"date":"2016-03-16T05:06:34","date_gmt":"2016-03-16T05:06:34","guid":{"rendered":"http:\/\/monarch.huasambo.com\/?page_id=47"},"modified":"2023-02-16T22:19:46","modified_gmt":"2023-02-16T22:19:46","slug":"the-research-project","status":"publish","type":"page","link":"https:\/\/mission-monarch.org\/wordpress\/es\/the-research-project\/","title":{"rendered":"\u00bfQue es Misi\u00f3n Monarca?"},"content":{"rendered":"<p><\/p>\n<div class=\"row\">\n<div class=\"col-xs-12 col-sm-7\">\n<p>Ante la preocupante disminuci\u00f3n de las poblaciones de monarca en Am\u00e9rica del Norte, Canad\u00e1 se ha comprometido a proteger los h\u00e1bitats de verano de la mariposa, para maximizar su \u00e9xito reproductivo. Sin embargo, el conocimiento cient\u00edfico necesario para crear un plan de conservaci\u00f3n eficaz est\u00e1 todav\u00eda incompleto. \u00a1Aqu\u00ed es donde Misi\u00f3n Monarca entra en juego!<\/p>\n<p style=\"text-align: justify;\">Para proteger los h\u00e1bitats de la monarca hay que localizarlos primero. Para ello, <em>Misi\u00f3n Monarca<\/em> hace un llamamiento a la poblaci\u00f3n canadiense. Se invita a los ciudadanos de cualquier origen y edad, que tengan la causa de la monarca cercana a su coraz\u00f3n, a identificar en el campo la presencia de asclepias y de orugas de monarca.<\/p>\n<p style=\"text-align: justify;\">Adem\u00e1s de contribuir al avance del conocimiento cient\u00edfico, <em>Misi\u00f3n Monarca<\/em> participa en la educaci\u00f3n y la sensibilizaci\u00f3n de la poblaci\u00f3n canadiense a la causa de la mariposa. El proyecto ofrece oportunidades para que los ciudadanos participen en la soluci\u00f3n de los problemas que afectan a las monarca.<\/p>\n<\/div>\n<div class=\"col-xs-12 col-sm-4 text-center\"><img class=\"img-responsive col-xs-8\" style=\"padding: 0 0 30px; float: left;\" src=\"\/wp-content\/uploads\/2019\/03\/logo-mm_fr_couleur_typo.png\" alt=\"Misi\u00f3n Monarca\" width=\"200\" \/>\n<\/div>\n<\/div>\n<p><\/p>","protected":false},"excerpt":{"rendered":"<p>Ante la preocupante disminuci\u00f3n de las poblaciones de monarca en Am\u00e9rica del Norte, Canad\u00e1 se ha comprometido a proteger los h\u00e1bitats de verano de la mariposa, para maximizar su \u00e9xito reproductivo. Sin embargo, el conocimiento cient\u00edfico necesario para crear un plan de conservaci\u00f3n eficaz est\u00e1 todav\u00eda incompleto. \u00a1Aqu\u00ed es donde Misi\u00f3n Monarca entra en juego!&hellip; <a class=\"more-link\" href=\"https:\/\/mission-monarch.org\/wordpress\/es\/the-research-project\/\">Continue reading <span class=\"screen-reader-text\">\u00bfQue es Misi\u00f3n Monarca?<\/span><\/a><\/p>\n","protected":false},"author":1,"featured_media":0,"parent":0,"menu_order":0,"comment_status":"closed","ping_status":"closed","template":"","meta":[],"_links":{"self":[{"href":"https:\/\/mission-monarch.org\/wordpress\/es\/wp-json\/wp\/v2\/pages\/47"}],"collection":[{"href":"https:\/\/mission-monarch.org\/wordpress\/es\/wp-json\/wp\/v2\/pages"}],"about":[{"href":"https:\/\/mission-monarch.org\/wordpress\/es\/wp-json\/wp\/v2\/types\/page"}],"author":[{"embeddable":true,"href":"https:\/\/mission-monarch.org\/wordpress\/es\/wp-json\/wp\/v2\/users\/1"}],"replies":[{"embeddable":true,"href":"https:\/\/mission-monarch.org\/wordpress\/es\/wp-json\/wp\/v2\/comments?post=47"}],"version-history":[{"count":70,"href":"https:\/\/mission-monarch.org\/wordpress\/es\/wp-json\/wp\/v2\/pages\/47\/revisions"}],"predecessor-version":[{"id":4573,"href":"https:\/\/mission-monarch.org\/wordpress\/es\/wp-json\/wp\/v2\/pages\/47\/revisions\/4573"}],"wp:attachment":[{"href":"https:\/\/mission-monarch.org\/wordpress\/es\/wp-json\/wp\/v2\/media?parent=47"}],"curies":[{"name":"wp","href":"https:\/\/api.w.org\/{rel}","templated":true}]}}